{"id":976,"date":"2014-05-14T13:25:35","date_gmt":"2014-05-14T13:25:35","guid":{"rendered":"http:\/\/www.golfissazione.com\/risorse\/?page_id=976"},"modified":"2016-08-02T15:43:37","modified_gmt":"2016-08-02T15:43:37","slug":"loscopodellavita","status":"publish","type":"page","link":"https:\/\/www.golfissazione.com\/risorse\/loscopodellavita\/","title":{"rendered":"LoScopoDellaVita"},"content":{"rendered":"<p>Dio ti ha dotato di specifici talenti naturali, che sono strumenti necessari per riuscire nella vita&#8230; li stai utilizzando per portare avanti lo SCOPO per cui sei al mondo?<\/p>\n<p>Senza un FARO che illumini la tua anima potresti vagare senza m\u00e8ta e collezionionare frustrazioni:\u00a0 il lavoro va male, le finanze peggio, le relazioni con le altre persone sono catastrofiche&#8230;<\/p>\n<p><a href=\"http:\/\/www.golfissazione.com\/risorse\/wp-content\/uploads\/2014\/05\/farooo.jpg\" rel=\"attachment wp-att-1612\"><img loading=\"lazy\" decoding=\"async\" class=\"alignright wp-image-1612\" src=\"http:\/\/www.golfissazione.com\/risorse\/wp-content\/uploads\/2014\/05\/farooo-1024x492.jpg\" alt=\"farooo\" width=\"882\" height=\"424\" srcset=\"https:\/\/www.golfissazione.com\/risorse\/wp-content\/uploads\/2014\/05\/farooo-1024x492.jpg 1024w, https:\/\/www.golfissazione.com\/risorse\/wp-content\/uploads\/2014\/05\/farooo-300x144.jpg 300w, https:\/\/www.golfissazione.com\/risorse\/wp-content\/uploads\/2014\/05\/farooo-768x369.jpg 768w\" sizes=\"auto, (max-width: 882px) 100vw, 882px\" \/><\/a><\/p>\n<p>Se non segui il tuo Scopo di vita, \u00e8 come tentare di risalire un torrente impetuoso, nuotando contro corrente come fanno i salmoni: sbagli la direzione, quindi fa un sacco di fatica e in sostanza, rimani fermo al punto di partenza. Hai presente quando la vita ti sembra uno SFORZO?<\/p>\n<p>Ad esempio per caso hai usato la parola &#8220;lotta&#8221; per definire la tua vita e i problemi che ti si presentano?<br \/>\nA qualcuno \u00e8 successo che, dopo aver avuto successo in campo lavorativo ed economico,\u00a0 tutto ci\u00f2 che ha ottenuto \u00e8 crollato da un momento all&#8217;altro: <strong>\u00e8 uno dei modi che l&#8217; anima ha, per farti portare l&#8217;attenzione su di essa e sulla tua missione su questa Terra<\/strong>.<\/p>\n<p>Addirittura questo scenario si pu\u00f2 protrarre per intere vite&#8230; perch\u00e9 se in questa incarnazione non portia avanti il tuo scopo di vita (quello che la tua Anima ti chiede), ti reincarnerai nuovamente, finch\u00e9 non l&#8217;avrai portato a termine.<\/p>\n<p>Prima la tua anima ti sussura dei messaggi, poi se inascoltata alza il tono di voce magari costringendoti a scelte difficili e se non la ascolti, \u00a0ecco che accadono mutamenti repentini spesso dolorosi. (malattie, incidenti, intoppi, fallimenti)<\/p>\n<p><a href=\"http:\/\/www.golfissazione.com\/risorse\/wp-content\/uploads\/2014\/05\/carttt.gif\" rel=\"attachment wp-att-1614\"><img loading=\"lazy\" decoding=\"async\" class=\"aligncenter size-full wp-image-1614\" src=\"http:\/\/www.golfissazione.com\/risorse\/wp-content\/uploads\/2014\/05\/carttt.gif\" alt=\"carttt\" width=\"356\" height=\"314\" \/><\/a><\/p>\n<p>Se vuoi interrompere il circolo vizioso del <strong>creo e poi fallisco<\/strong>, se vuoi seguire il messaggio della tua anima, utilizzando tutti gli strumenti che Dio e l\u2019universo ti hanno messo a disposizione per la tua realizzazione personale e per raggiungere la felicit\u00e0 Tua e dei tuoi cari questo \u00e8 il corso che fa per te<\/p>\n<p align=\"CENTER\"><span style=\"color: #0000ff;\"><span style=\"font-family: Yanone Kaffeesatz,sans-serif;\"><span style=\"font-size: xx-large;\"><b>Scopri lo scopo della tua vita e Manifesta miracoli.<br \/>\nLucca, 16-17-18 Settembre 2016<\/b><\/span><\/span><\/span><\/p>\n<p>Nelle date strategiche dal 16 al 18 settembre, terr\u00f2 a Lucca il corso trasformativo &#8220;scopri lo scopo di vita e manifesta miracoli&#8221;. (<strong>STRATEGICHE perch\u00e9 tengono conto della fase lunare pi\u00f9 propizia)<\/strong><br \/>\nTre intense giornate, in cui non solo scoprirai la tua Missione su questa Terra, ma ti allineerai all&#8217;anima\u00a0 a tutti i livelli: Energetico, Mentale, Fisico. <strong>Porterai<\/strong> <strong>alla coscienza fatti e atti che ti hanno portato risultati spiacevoli e creerai speciali psicomagie per annullare l&#8217;effetto devastante dei traumi passati.<\/strong><\/p>\n<p>A differenza degli altri corsi che ti insegnano tante nozioni mentali, <strong>ti guido ad instaurare una Connessione Diretta e Consapevole con la Tua Anima<\/strong>, anche trasformando i programmi che ti impediscono di comprendere il disegno dell&#8217;Anima (questa \u00e8 una delle principali trasformazioni interiori che faremo insieme al corso).<\/p>\n<p>Questo per te significa che <strong>potrai finalmente comprendere cosa vuole la tua Anima<\/strong>, che diventer\u00e0 la tua bussola, il punto di riferimento che <strong>ti dar\u00e0 sicurezza in ogni tua scelta quotidiana<\/strong> in ambito lavorativo, familiare e relazionale.<\/p>\n<p>&nbsp;<\/p>\n<p align=\"CENTER\"><span style=\"color: #0000ff;\"><span style=\"font-family: Yanone Kaffeesatz,sans-serif;\"><span style=\"font-size: xx-large;\"><b>Scopri lo scopo della tua vita e Manifesta miracoli<br \/>\nLucca, 16-17-18 Settembre 2016<\/b><\/span><\/span><\/span><\/p>\n<p>&nbsp;<\/p>\n<p><strong><div class=\"headline1-medium-arial-centered\" style=\"color:#CC0000\">Programma del corso<\/div><\/strong><\/p>\n<p><em><strong>Venerd\u00ec 16, dalle ore 19 alle ore 22<\/strong><\/em><\/p>\n<p>Meditazione per scoprire il tuo trauma maggiore e rassicurare il bambino interiore. Apertura del tuo canale di luce. Presentazione di ci\u00f2 che vuoi eliminare dalla tua vita alla luna piena. Breve intervallo per un pasto leggero. Dopo, ci sar\u00e0 un rituale per eliminare dalla tua vita le negativit\u00e0, sentendo il DOLORE di averle vissute fino ad oggi. Infine brucerai\u00a0 il foglio con le negativit\u00e0 sotto la luna piena, affidandole alla luna e agli Angeli.<\/p>\n<p><strong><em>Sabato 17 dalle 9 alle 13 &#8211; dalle 15 alle 19<\/em><\/strong><\/p>\n<p>test kinesiologici e lavoro in theta healing per scoprire le convinzioni che ti portano risultati non desiderati. Una volta scoperte, formulerai insieme a me delle psicomagie personalizzate (che operano direttamente sull&#8217;inconscio) da attivare una volta a casa per accelerare il cambiamento.<\/p>\n<p>Colorerai \u00a0il tuo Mandala e scoprirai quanto sia potente e risolutivo utilizzare i Mandala nella tua vita per far affiorare e interpretare correttamente i messaggi della tua anima. Il Mandala utilizza un codice ben recepito dall\u2019inconscio e per questo riesce sempre a fornire riposte alla tue domande e tu imparerai a padroneggiarlo facilmente.<\/p>\n<p>Nel pomeriggio ti dedicherai finalmente allo <strong>Scopo della TUA vita, capirai qual\u2019\u00e8 la tua vera missione,<\/strong> indagando su abilit\u00e0, attitudini, talenti, passioni e valori che accompagnano la tua esistenza su questa terra. Attiverai il tuo canale di luce per accedere direttamente all\u2019anima. Sar\u00e0 il giorno pi\u00f9 intenso, di scoperta di s\u00e9.<\/p>\n<p><em><strong>Domenica dalle 9 alle 13 &#8211; dalle 15 alle 17<\/strong><\/em><\/p>\n<p>Riprogrammazione con meditazione passato-presente-futuro, formulazione dei nuovi obiettivi, dichiarare la propria MISSIONE. Passeggiata consapevole nel bosco col tuo NUOVO s\u00e9, raccogliendo dei fiori affinch\u00e9 Cristina li legga per tutti te e per tutti. Nel pomeriggio meditazione finale e lettura dei fiori.<\/p>\n<p>Nel tempo libero, c&#8217;\u00e8 la piscina aperta!<\/p>\n<div class=\"headline1-medium-arial-centered\" style=\"color:#CC0000\">Quanto costa?<\/div>\n<h2 style=\"text-align: center;\">Investimento richiesto:<\/h2>\n<h2 style=\"text-align: center;\"><del>450\u20ac<\/del> a persona<\/h2>\n<p style=\"text-align: center;\"><b>Offerta limitata ai pi\u00f9 decisi:<\/b><\/p>\n<p style=\"text-align: center;\">Se ti iscrivi entro il 10 agosto,<\/p>\n<h2 style=\"text-align: center;\">paghi solo <b>197\u20ac<\/b> a persona!<\/h2>\n<p style=\"text-align: center;\">poi la quota di iscrizione salir\u00e0 di settimana in settimana<\/p>\n<p style=\"text-align: center;\">fino a raggiungere la quota massima di 450 euro<\/p>\n<p><b>Cosa comprende esattamente la quota di iscrizione al corso?<\/b><\/p>\n<p>&nbsp;<\/p>\n<p><strong>1 \u2013 Corso da venerd\u00ec 16 settembre ore 19 a domenica 18 settembre ore 17<\/strong><\/p>\n<p><strong>2 \u2013 pranzi light del sabato e della domenica, cena del venerd\u00ec e del sabato, coffee break<\/strong><\/p>\n<p><strong>3\u00a0 &#8211; Tre fantastici bonus descritti qui sotto<\/strong><\/p>\n<p>&nbsp;<\/p>\n<p><em><b><div class=\"headline1-medium-arial-centered\" style=\"color:#CC0000\">BONUS 1 \u2013 (lo riceverai PRIMA del corso)<\/div><\/b><\/em><\/p>\n<p>Decodifica personalizzata del Mandala, fatta da Cristina Poli<\/p>\n<p>Cristina \u00e8 un\u2019intuitiva e lavora da 20 anni con i Mandala, cogliendo l\u2019essenza di ogni persona e dando messaggi utili per la sua evoluzione.<\/p>\n<p>Questo sar\u00e0 il primo importante passo che farai per predisporti a ricevere al meglio le informazioni del corso che ti porteranno a trasformare in meglio la tua vita.<\/p>\n<p>Colorare il Mandala ti regaler\u00e0 chiarezza di pensiero e ti aiuter\u00e0 a dialogare con la tua Anima.<\/p>\n<p>Imparerai a usare il Mandala come strumento potente di autoguarigione immediata, uno strumento usato fino dall\u2019antichit\u00e0 in grado di riconnetterti al tuo s\u00e8 pi\u00f9 profondo.<\/p>\n<p>In pi\u00f9 durante il corso riceverai il TUO Mandala personalizzato che colorerai in gruppo amplificando cos\u00ec il suo potere.<\/p>\n<p>Appena ti iscrivi riceverai le istruzioni per utilizzare al meglio questo bonus.<\/p>\n<p><b>Valore del bonus 77 euro <\/b><\/p>\n<p>&nbsp;<\/p>\n<p><em><b><div class=\"headline1-medium-arial-centered\" style=\"color:#CC0000\">BONUS 2 \u2013 (lo riceverai PRIMA del corso)<\/div><\/b><br \/>\n<\/em><\/p>\n<p>la <b>meditazione del passato\/presente\/futuro<\/b> da ripetere a casa!<\/p>\n<p>Questa meditazione fa parte della riprogrammazione ed \u00e8 decisamente la pi\u00f9 potente perch\u00e9 guarisce il bambino interiore ferito e ti programma per il futuro come lo decidi e lo vuoi TU.<\/p>\n<p><b>Valore del bonus 77 euro<\/b><\/p>\n<p>&nbsp;<\/p>\n<p><b><em><div class=\"headline1-medium-arial-centered\" style=\"color:#CC0000\">BONUS 3 \u2013 (lo riceverai PRIMA del corso)<\/div><\/em><\/b><\/p>\n<p>Ti regaleremo il materiale necessario a seguire al meglio il corso: block notes per gli appunti, carta e colori per i Mandala<\/p>\n<p><em><strong><div class=\"features-box-azure-blue features-box-blue\" style=\"width:75%;border-width:2px!important;\">In pratica nel prezzo \u00e8 TUTTO compreso tranne il pernottamento!<\/div><br \/>\n<\/strong><\/em><\/p>\n<p>Prenota ora al piccolo prezzo di 197 euro fino al 10 agosto!\u00a0 Per prenotare, versa 50 euro di anticipo qui:<\/p>\n<form action=\"https:\/\/www.paypal.com\/cgi-bin\/webscr\" method=\"post\" target=\"paypal\"><input name=\"cmd\" type=\"hidden\" value=\"_s-xclick\" \/><br \/>\n<input name=\"hosted_button_id\" type=\"hidden\" value=\"5GD78ZVMNN2LY\" \/><br \/>\n<input alt=\"PayPal \u00e8 il metodo rapido e sicuro per pagare e farsi pagare online.\" name=\"submit\" src=\"https:\/\/www.paypalobjects.com\/it_IT\/IT\/i\/btn\/btn_cart_LG.gif\" type=\"image\" \/><br \/>\n<img loading=\"lazy\" decoding=\"async\" src=\"https:\/\/www.paypalobjects.com\/it_IT\/i\/scr\/pixel.gif\" alt=\"\" width=\"1\" height=\"1\" border=\"0\" \/><\/form>\n<p><strong>Verserai il saldo al tuo arrivo.<\/strong><br \/>\n<a href=\"http:\/\/www.golfissazione.com\/risorse\/wp-content\/uploads\/2016\/06\/sod.png\" rel=\"attachment wp-att-1525\"><img loading=\"lazy\" decoding=\"async\" class=\"alignright wp-image-1525\" src=\"http:\/\/www.golfissazione.com\/risorse\/wp-content\/uploads\/2016\/06\/sod.png\" alt=\"sod\" width=\"184\" height=\"190\" \/><\/a><\/p>\n<p>Il corso \u00e8 coperto dalla <strong>garanzia di soddisfazione o rimborso<\/strong>, se non sarai soddisfatto del corso potrai chiedere il rimborso della quota versata entro le ore 13 del sabato<\/p>\n<p>&nbsp;<\/p>\n<p><strong>LOCATION<\/strong><\/p>\n<p><a href=\"http:\/\/www.golfissazione.com\/risorse\/wp-content\/uploads\/2014\/05\/DSC_0016.jpg\" rel=\"attachment wp-att-1595\"><img loading=\"lazy\" decoding=\"async\" class=\"alignleft wp-image-1595\" src=\"http:\/\/www.golfissazione.com\/risorse\/wp-content\/uploads\/2014\/05\/DSC_0016-1024x683.jpg\" alt=\"DSC_0016\" width=\"330\" height=\"220\" srcset=\"https:\/\/www.golfissazione.com\/risorse\/wp-content\/uploads\/2014\/05\/DSC_0016-1024x683.jpg 1024w, https:\/\/www.golfissazione.com\/risorse\/wp-content\/uploads\/2014\/05\/DSC_0016-300x200.jpg 300w, https:\/\/www.golfissazione.com\/risorse\/wp-content\/uploads\/2014\/05\/DSC_0016-768x512.jpg 768w\" sizes=\"auto, (max-width: 330px) 100vw, 330px\" \/><\/a><\/p>\n<p>Saremo in provincia di Lucca, alla Tenuta Albereta &#8211; via di Poggio 1 Marginone (Lucca)<\/p>\n<p>La casa ha 6 camere, c\u2019\u00e8 la possibilit\u00e0 di dormire qui ad un piccolo prezzo! Solo per i pi\u00f9 veloci, 30 euro a notte per doppia ad uso singola e 50 a camera per 2 persone in doppia! Quattro delle camere hanno il bagno condiviso, ci sono 4 bagni per 6 camere. Lenzuola e asciugamani inclusi.<\/p>\n<p>Il nostro incontro sar\u00e0 in atmosfera FAMILIARE, specie per chi dorme qui.<\/p>\n<p><a href=\"http:\/\/www.golfissazione.com\/risorse\/wp-content\/uploads\/2014\/05\/DSC_0005.jpg\" rel=\"attachment wp-att-1594\"><img loading=\"lazy\" decoding=\"async\" class=\"alignleft wp-image-1594\" src=\"http:\/\/www.golfissazione.com\/risorse\/wp-content\/uploads\/2014\/05\/DSC_0005-1024x682.jpg\" alt=\"DSC_0005\" width=\"330\" height=\"220\" srcset=\"https:\/\/www.golfissazione.com\/risorse\/wp-content\/uploads\/2014\/05\/DSC_0005-1024x682.jpg 1024w, https:\/\/www.golfissazione.com\/risorse\/wp-content\/uploads\/2014\/05\/DSC_0005-300x200.jpg 300w, https:\/\/www.golfissazione.com\/risorse\/wp-content\/uploads\/2014\/05\/DSC_0005-768x512.jpg 768w, https:\/\/www.golfissazione.com\/risorse\/wp-content\/uploads\/2014\/05\/DSC_0005.jpg 2000w\" sizes=\"auto, (max-width: 330px) 100vw, 330px\" \/><\/a>\u00a0\u00a0\u00a0\u00a0\u00a0\u00a0 Cibi semplici e sani, colazione autogestita, trovi tutto l&#8217;essenziale!<\/p>\n<p>&nbsp;<\/p>\n<p>&nbsp;<\/p>\n<p>&nbsp;<\/p>\n<p>&nbsp;<\/p>\n<p>&nbsp;<\/p>\n<p>&nbsp;<\/p>\n<p><div class=\"headline1-medium-arial-centered\" style=\"color:#FC5900\">insegnanti<\/div><a href=\"http:\/\/www.golfissazione.com\/risorse\/wp-content\/uploads\/2013\/10\/7_esterno.jpg\"><img loading=\"lazy\" decoding=\"async\" class=\"alignright size-thumbnail wp-image-823\" src=\"http:\/\/www.golfissazione.com\/risorse\/wp-content\/uploads\/2013\/10\/7_esterno-150x150.jpg\" alt=\"7_esterno\" width=\"150\" height=\"150\" \/><\/a><\/p>\n<p>Alessandra Donati. Finalmente, dopo tantissimi anni, ho scoperto il mio scopo di vita, che \u00e8 quello di aiutare le persone a sprigionare la loro luce per vivere + felici. Non \u00e8 l&#8217;unico mio scopo di vita, \u00a0(s\u00ec, anche tu puoi averne pi\u00f9 di uno, anzi \u00e8 molto probabile!) ma per me \u00e8 il piu&#8217; forte e trainante. Se vuoi sapere qualcosa di me clicca <a href=\"http:\/\/paradisointerra.com\/chi-sono\/\">QUI<\/a><\/p>\n<p>&nbsp;<\/p>\n<p><a href=\"http:\/\/www.golfissazione.com\/risorse\/wp-content\/uploads\/2014\/05\/cri.png\" rel=\"attachment wp-att-1615\"><img loading=\"lazy\" decoding=\"async\" class=\"alignright wp-image-1615\" src=\"http:\/\/www.golfissazione.com\/risorse\/wp-content\/uploads\/2014\/05\/cri.png\" alt=\"cri\" width=\"152\" height=\"114\" \/><\/a><\/p>\n<p>Cristina Poli. Profondamente intuitiva, esperta di Mandala, appassionata di lettura dei fiori, grazie a queste due tecniche aiuta le persone a conoscersi meglio ed insegna loro ad attingere alla saggezza dell&#8217; Anima.<\/p>\n<p>&nbsp;<\/p>\n<p><em><strong><div class=\"features-box-azure-blue features-box-blue\" style=\"width:75%;border-width:2px!important;\">Riassunto logistico.<\/strong><\/em><\/p>\n<p><em><strong>Orario di arrivo: venerd\u00ec 16 settembre entro le ore 18.30 per registrazione e saldo<\/strong><\/em><\/p>\n<p><em><strong>Orario di ripartenza domenica 18 settembre ore 17<\/strong><\/em><\/p>\n<p><em><strong>Dove dormire: alla Tenuta Albereta per i pi\u00f9 veloci -Alla locanda il Fornello (2Km dalla casa) per gli altri, prezzi da comunicare in seguito.<\/strong><\/em><\/p>\n<p><em><strong>I pasti sono inclusi nel costo<\/div><br \/>\n<\/strong><\/em><\/p>\n<p>Prenota subito il tuo posto versando un anticipo di 50 euro:<\/p>\n<form action=\"https:\/\/www.paypal.com\/cgi-bin\/webscr\" method=\"post\" target=\"paypal\"><input name=\"cmd\" type=\"hidden\" value=\"_s-xclick\" \/><br \/>\n<input name=\"hosted_button_id\" type=\"hidden\" value=\"5GD78ZVMNN2LY\" \/><br \/>\n<input alt=\"PayPal \u00e8 il metodo rapido e sicuro per pagare e farsi pagare online.\" name=\"submit\" src=\"https:\/\/www.paypalobjects.com\/it_IT\/IT\/i\/btn\/btn_cart_LG.gif\" type=\"image\" \/><br \/>\n<img loading=\"lazy\" decoding=\"async\" src=\"https:\/\/www.paypalobjects.com\/it_IT\/i\/scr\/pixel.gif\" alt=\"\" width=\"1\" height=\"1\" border=\"0\" \/><\/form>\n<p>Se vuoi pagare con bonifico o postepay scivi a manifestareconlaluna@gmail.com<\/p>\n<p>oppure telefona ad Alessandra (347 3625382) o a Cristina (389 1529167)<\/p>\n<p>&nbsp;<\/p>\n<p><em><strong>\u00a0<\/strong><\/em><\/p>\n<p><strong>Dio ti ha creato con uno scopo e dopo questo corso farai un grosso passo in avanti per poterlo scoprire!<\/strong><\/p>\n<p>&nbsp;<\/p>\n<p>&nbsp;<\/p>\n","protected":false},"excerpt":{"rendered":"<p>Dio ti ha dotato di specifici talenti naturali, che sono strumenti necessari per riuscire nella vita&#8230; li stai utilizzando per portare avanti lo SCOPO per cui sei al mondo? Senza un FARO che illumini la tua anima potresti vagare senza m\u00e8ta e collezionionare frustrazioni:\u00a0 il lavoro va male, le finanze peggio, le relazioni con le [&hellip;]<\/p>\n","protected":false},"author":1,"featured_media":0,"parent":0,"menu_order":0,"comment_status":"open","ping_status":"open","template":"","meta":{"footnotes":""},"class_list":["post-976","page","type-page","status-publish","hentry"],"_links":{"self":[{"href":"https:\/\/www.golfissazione.com\/risorse\/wp-json\/wp\/v2\/pages\/976","targetHints":{"allow":["GET"]}}],"collection":[{"href":"https:\/\/www.golfissazione.com\/risorse\/wp-json\/wp\/v2\/pages"}],"about":[{"href":"https:\/\/www.golfissazione.com\/risorse\/wp-json\/wp\/v2\/types\/page"}],"author":[{"embeddable":true,"href":"https:\/\/www.golfissazione.com\/risorse\/wp-json\/wp\/v2\/users\/1"}],"replies":[{"embeddable":true,"href":"https:\/\/www.golfissazione.com\/risorse\/wp-json\/wp\/v2\/comments?post=976"}],"version-history":[{"count":62,"href":"https:\/\/www.golfissazione.com\/risorse\/wp-json\/wp\/v2\/pages\/976\/revisions"}],"predecessor-version":[{"id":980,"href":"https:\/\/www.golfissazione.com\/risorse\/wp-json\/wp\/v2\/pages\/976\/revisions\/980"}],"wp:attachment":[{"href":"https:\/\/www.golfissazione.com\/risorse\/wp-json\/wp\/v2\/media?parent=976"}],"curies":[{"name":"wp","href":"https:\/\/api.w.org\/{rel}","templated":true}]}}