{"id":753,"date":"2013-07-17T14:53:55","date_gmt":"2013-07-17T14:53:55","guid":{"rendered":"http:\/\/www.golfissazione.com\/risorse\/?page_id=753"},"modified":"2018-03-17T10:55:47","modified_gmt":"2018-03-17T10:55:47","slug":"corso-theta","status":"publish","type":"page","link":"https:\/\/www.golfissazione.com\/risorse\/corso-theta\/","title":{"rendered":"Corso Theta"},"content":{"rendered":"<h2 align=\"center\"><span style=\"font-size: medium;\"><span class=\"Apple-style-span\" style=\"font-size: 13px;\"><span style=\"text-decoration: underline;\"><span style=\"font-size: xx-large;\"><span class=\"Apple-style-span\" style=\"font-size: 20px;\"><b><div class=\"headline1-medium-arial-centered\" style=\"color:#CC0000\">Cos&#8217;\u00e8<\/div><\/b><\/span><\/span><\/span><\/span><\/span><\/h2>\n<p><a href=\"http:\/\/www.golfissazione.com\/risorse\/wp-content\/uploads\/2013\/07\/trtr.jpg\"><img loading=\"lazy\" decoding=\"async\" class=\"aligncenter size-full wp-image-1192\" src=\"http:\/\/www.golfissazione.com\/risorse\/wp-content\/uploads\/2013\/07\/trtr.jpg\" alt=\"trtr\" width=\"355\" height=\"142\" srcset=\"https:\/\/www.golfissazione.com\/risorse\/wp-content\/uploads\/2013\/07\/trtr.jpg 355w, https:\/\/www.golfissazione.com\/risorse\/wp-content\/uploads\/2013\/07\/trtr-300x120.jpg 300w\" sizes=\"auto, (max-width: 355px) 100vw, 355px\" \/><\/a><\/p>\n<p>Il Theta Healing \u00e8 una modalit\u00e0 di guarigione energetica fondata da Vianna Stibal, Americana, Naturopata. Ella \u00e8 guarita da un cancro linfatico terminale seguendo gli insegnamenti ricevuti,\u00a0 ha guarito decine di migliaia di persone e \u00a0diffonde in tutto il mondo questa tecnica da tanti anni. Si basa sull\u2019utilizzo delle onde Theta del cervello, che in stato di meditazione profonda \u00e8 in grado di Connettersi col Creatore di Tutto ci\u00f2 che E\u2019, ossia con la nostra Divinit\u00e0 interiore. Noi umani siamo scintille di Dio!\u00a0 Da questa posizione (amore, forza creatrice) si chiedono guarigioni fisiche e mentali, manifestazioni, letture del corpo, chiarezza di intenti, spinta all&#8217;azione.<\/p>\n<p>&nbsp;<\/p>\n<p><b><div class=\"headline1-large-arial-centered\" style=\"color:#CC0000\">Quando e dove si svolge<\/div><\/b><\/p>\n<p>Si tratta di un corso intensivo di una giornata,\u00a0 a Varese, via Montello 8\u00a0 con orario 10-17\u00a0 domenica 8 aprile 2018<\/p>\n<p><a href=\"http:\/\/www.golfissazione.com\/risorse\/wp-content\/uploads\/2013\/10\/7_esterno.jpg\"><img loading=\"lazy\" decoding=\"async\" class=\"alignleft size-thumbnail wp-image-823\" src=\"http:\/\/www.golfissazione.com\/risorse\/wp-content\/uploads\/2013\/10\/7_esterno-150x150.jpg\" alt=\"7_esterno\" width=\"150\" height=\"150\" \/><\/a>Insegnante: sono io,\u00a0Alessandra Donati, ho seguito i tre corsi ufficiali di Theta Healing, che sono il Base, l&#8217;Avanzato e Abbondanza &amp; Manifestazione.\u00a0 Ho adorato da subito questa tecnica che ha prodotto veri e propri miracoli nella mia vita, dalla guarigione di malesseri alla risoluzione dei miei problemi familiari e di relazione. Per non parlare dei benefici che ho avuto nelle mie aumentate capacit\u00e0 intuitive, che mi aiutano nel fare la scelta giusta in ogni occasione e nel ritrovare la mia serenit\u00e0 nei momenti &#8220;no&#8221;.<\/p>\n<p>&nbsp;<\/p>\n<p>&nbsp;<\/p>\n<p><b style=\"line-height: 1.5em;\"><\/b><span style=\"line-height: 1.5em;\"><div class=\"headline1-medium-arial\" style=\"color:#CC0000\">A cosa serve questo corso?<\/div><\/span><\/p>\n<p>Per allenare l\u2019intuito, per guarire da malesseri fisici, relazionali e mentali, per eliminare l\u2019ansia, per attirare l\u2019anima gemella, per creare armonia in famiglia, per cambiare convinzioni limitanti, per eliminare ganci psichici, vincoli, patti e giuramenti, per manifestare ci\u00f2 che desideri (lavoro, denaro, viaggi), per aiutare le persone a stare meglio. <strong>SERVE A TUTTO!<\/strong><\/p>\n<p><strong>Si parte dalla scoperta (e successivo rimpiazzo) delle nostre convinzioni inconsce limitanti! <\/strong><\/p>\n<p>Il connettermi all&#8217;Energia Universale ha davvero cambiato la mia vita: adesso mi accorgo delle mie convinzioni e scelgo immediatamente se MI SERVONO o no. Se mi sono utili (come ad esempio quella che io me la cavo in qualunque situazione, anche la pi\u00f9 difficile) le tengo e se invece non sono utili le abbandono all&#8217;istante.<\/p>\n<p><a href=\"http:\/\/www.golfissazione.com\/risorse\/wp-content\/uploads\/2013\/07\/eliii.jpg\"><img loading=\"lazy\" decoding=\"async\" class=\"aligncenter size-full wp-image-1193\" src=\"http:\/\/www.golfissazione.com\/risorse\/wp-content\/uploads\/2013\/07\/eliii.jpg\" alt=\"eliii\" width=\"368\" height=\"137\" srcset=\"https:\/\/www.golfissazione.com\/risorse\/wp-content\/uploads\/2013\/07\/eliii.jpg 368w, https:\/\/www.golfissazione.com\/risorse\/wp-content\/uploads\/2013\/07\/eliii-300x112.jpg 300w\" sizes=\"auto, (max-width: 368px) 100vw, 368px\" \/><\/a><\/p>\n<div class=\"headline1-medium-arial-centered\" style=\"color:#CC0000\">Cosa scoprirai nel dettaglio:<\/div>\n<ul>\n<li>Come accedere istantaneamente a livello co-creativo dello stato Theta.<\/li>\n<li>Compiere guarigioni per te o per altri<\/li>\n<li>Lettura psichica all\u2019interno del corpo umano.<b><\/b><\/li>\n<li>Sviluppo dei sensi psichici, proiettare la coscienza-visione a distanza<\/li>\n<li>I test kinesiologici.<\/li>\n<li>I sistemi di convinzioni limitanti: come influenzano il nostro essere psicofisico e la vita quotidiana; come individuarli, sostituirli su 4 livelli (subconscio, genetico, storico\/vite passate, anima).<b><\/b><\/li>\n<li>Come usare questo sistema per sostenere il proprio equilibrio psicofisico, e aiutare altre persone desiderose di farlo attraverso l\u2019ascolto del proprio Vero S\u00e9.<b><\/b><\/li>\n<li>Comunicazione con Angeli Custodi, Guide, S\u00e9 Superiore, Anime Gemelle.<b><\/b><\/li>\n<li>tecniche di manifestazione<\/li>\n<\/ul>\n<p><b>\u00a0 \u00a0 \u00a0\u00a0<\/b><strong>\u00a0<\/strong><b> <\/b>Potrai utilizzare da subito il Theta Healing nella tua vita. Tutti i giorni e per ogni cosa, come sto facendo io.<\/p>\n<div class=\"dividerbar\"><\/div>\n<div class=\"headline1-medium-arial-centered\" style=\"color:#CC0000\">Quanto costa?<\/div>\n<div class=\"headline1-medium-arial-centered\" style=\"color:#000000\">70 euro<\/div>\n<p><strong>Nel costo sono compresi il <em>pranzo al ristorante e il manuale<\/em> di 64 pagine (praticamente un libro!) da portare con s\u00e9, per poter utilizzare da subito la tecnica theta a casa.<\/strong><\/p>\n<p>&nbsp;<\/p>\n<p>leggi il mio articolo sul blog<b>: \u00a0<a href=\"http:\/\/paradisointerra.com\/2014\/02\/17\/theta-healing\/\">Theta healing<\/a><\/b><\/p>\n<p>Il libro di Vianna Stibal:<b>\u00a0<a href=\"https:\/\/www.ilgiardinodeilibri.it\/libri\/__theta_healing_stibal.php?pn=4830\">Theta Healing<\/a><\/b><\/p>\n<div class=\"headline1-medium-arial-centered\" style=\"color:#000000\">Per chi<strong> NON<\/strong> E&#8217; adatto questo corso<\/div>\n<p>&#8211; per chi non vuole esporsi, raccontarsi, mettersi &#8220;in piazza&#8221;<\/p>\n<p>&#8211; per chi non desidera realmente guarire o cambiare. Spesso creiamo malattie per un vantaggio secondario. Una signora inferma stava iniziando a guarire col Theta Healing, aveva iniziato a muovere le gambe. Ha avuto paura che le togliessero la pensione e ha preferito tenersi l&#8217;infermit\u00e0.<\/p>\n<p>&#8211; Per chi preferisce una vita negativa ma conosciuta (zona comfort) a una vita potenzialmente positiva ma non conosciuta<\/p>\n<p>&#8211; Per chi non \u00e8 pronto a ricevere l&#8217;amore incondizionato di Dio, perch\u00e9 E&#8217; SCETTICO. La verit\u00e0 \u00e8 che teme la felicit\u00e0. Sembra assurdo, ma spesso la felicit\u00e0 fa paura. Ci sono tante persone che sono &#8220;drogate&#8221; di problemi e sofferenze.<\/p>\n<div class=\"dividerbar-wide\"><\/div>\n<p>&nbsp;<\/p>\n<p>possibilit\u00e0 di acquistare il mio libro Manifestare con la luna a 10 euro!<a href=\"http:\/\/www.golfissazione.com\/risorse\/wp-content\/uploads\/2017\/03\/ebook-alessandra2.png\" rel=\"attachment wp-att-2022\"><img loading=\"lazy\" decoding=\"async\" class=\"alignright size-thumbnail wp-image-2022\" src=\"http:\/\/www.golfissazione.com\/risorse\/wp-content\/uploads\/2017\/03\/ebook-alessandra2-150x150.png\" alt=\"ebook-alessandra2\" width=\"150\" height=\"150\" \/><\/a><\/p>\n<p>(e di entrare nel gruppo segreto facebook per realizzare insieme i desideri alla luna)<\/p>\n<p>&nbsp;<\/p>\n<p><b><em>Per informazioni e prenotazioni telefona al\u00a0<\/em><\/b><b>347 3625382\u00a0 Alessandra Donati<\/b><\/p>\n<p><strong>oppure al 347 4160779 Michela Bollini<\/strong><\/p>\n<p>Si prega arrivare circa mezz&#8217;ora &#8211; 15 minuti prima delle 10!<\/p>\n<p>&nbsp;<\/p>\n<p>&nbsp;<\/p>\n<p>&nbsp;<\/p>\n<p><b>\u00a0<\/b><\/p>\n<p>&nbsp;<\/p>\n","protected":false},"excerpt":{"rendered":"<p>Il Theta Healing \u00e8 una modalit\u00e0 di guarigione energetica fondata da Vianna Stibal, Americana, Naturopata. Ella \u00e8 guarita da un cancro linfatico terminale seguendo gli insegnamenti ricevuti,\u00a0 ha guarito decine di migliaia di persone e \u00a0diffonde in tutto il mondo questa tecnica da tanti anni. Si basa sull\u2019utilizzo delle onde Theta del cervello, che in [&hellip;]<\/p>\n","protected":false},"author":1,"featured_media":0,"parent":0,"menu_order":0,"comment_status":"open","ping_status":"open","template":"","meta":{"footnotes":""},"class_list":["post-753","page","type-page","status-publish","hentry"],"_links":{"self":[{"href":"https:\/\/www.golfissazione.com\/risorse\/wp-json\/wp\/v2\/pages\/753","targetHints":{"allow":["GET"]}}],"collection":[{"href":"https:\/\/www.golfissazione.com\/risorse\/wp-json\/wp\/v2\/pages"}],"about":[{"href":"https:\/\/www.golfissazione.com\/risorse\/wp-json\/wp\/v2\/types\/page"}],"author":[{"embeddable":true,"href":"https:\/\/www.golfissazione.com\/risorse\/wp-json\/wp\/v2\/users\/1"}],"replies":[{"embeddable":true,"href":"https:\/\/www.golfissazione.com\/risorse\/wp-json\/wp\/v2\/comments?post=753"}],"version-history":[{"count":5,"href":"https:\/\/www.golfissazione.com\/risorse\/wp-json\/wp\/v2\/pages\/753\/revisions"}],"predecessor-version":[{"id":2207,"href":"https:\/\/www.golfissazione.com\/risorse\/wp-json\/wp\/v2\/pages\/753\/revisions\/2207"}],"wp:attachment":[{"href":"https:\/\/www.golfissazione.com\/risorse\/wp-json\/wp\/v2\/media?parent=753"}],"curies":[{"name":"wp","href":"https:\/\/api.w.org\/{rel}","templated":true}]}}