{"id":338,"date":"2012-07-09T13:24:18","date_gmt":"2012-07-09T13:24:18","guid":{"rendered":"http:\/\/www.golfissazione.com\/risorse\/?page_id=338"},"modified":"2014-07-16T13:32:05","modified_gmt":"2014-07-16T13:32:05","slug":"cooking-classes","status":"publish","type":"page","link":"https:\/\/www.golfissazione.com\/risorse\/cooking-classes\/","title":{"rendered":"Cooking classes"},"content":{"rendered":"<p><a href=\"http:\/\/www.golfissazione.com\/risorse\/wp-content\/uploads\/2012\/03\/7_esterno1.jpg\"><img loading=\"lazy\" decoding=\"async\" class=\"alignleft size-thumbnail wp-image-112\" title=\"7_esterno\" alt=\"\" src=\"http:\/\/www.golfissazione.com\/risorse\/wp-content\/uploads\/2012\/03\/7_esterno1-150x150.jpg\" width=\"150\" height=\"150\" \/><\/a><em><strong>Cooking classes on request.<\/strong><\/em><\/p>\n<p>I\u2019m available to show and cook together with the guests a typical full Italian dinner or lunch, from starter to dessert. A Tuscan handmade pasta, lasagne with tasty meat or vegetable sauce, bean and vegetable soups, can be followed by a wide variety of organic meats, vegetable side dishes, dessert and the wine made by us. I only use organic ingredients coming from my own vegetable garden without pesticide, eggs and cheese sold by a local producer.<\/p>\n<p><strong>You\u2019ll have the opportunity to taste a full Italian dinner \u00a0without moving from the house of your vacations!<\/strong>\u00a0I will bring some hot dishes ready from my house\u00a0 and I can teach you through experience two or three dishes, like focaccia or bread, tiramisu, meat with herbs&#8230; Every guest who has tried this experience repeat my dishes at home, with success!<\/p>\n<p>Children can also follow the lesson, kneading bread or whipping the cream&#8230;<\/p>\n<p>My black bread is wonderful and particularly appreciated by the adults, while the children prefer white oiled bread (focaccia). Under here you can read the testimony of some french people who made my cooking classes and tasted the dinner:<\/p>\n<p><a href=\"http:\/\/www.golfissazione.com\/risorse\/wp-content\/uploads\/2012\/07\/DSC02687.jpg\"><img loading=\"lazy\" decoding=\"async\" class=\"alignleft size-medium wp-image-348\" title=\"DSC02687\" alt=\"\" src=\"http:\/\/www.golfissazione.com\/risorse\/wp-content\/uploads\/2012\/07\/DSC02687-300x224.jpg\" width=\"300\" height=\"224\" srcset=\"https:\/\/www.golfissazione.com\/risorse\/wp-content\/uploads\/2012\/07\/DSC02687-300x224.jpg 300w, https:\/\/www.golfissazione.com\/risorse\/wp-content\/uploads\/2012\/07\/DSC02687-1024x768.jpg 1024w, https:\/\/www.golfissazione.com\/risorse\/wp-content\/uploads\/2012\/07\/DSC02687.jpg 1976w\" sizes=\"auto, (max-width: 300px) 100vw, 300px\" \/><\/a><\/p>\n<div id=\"testimonialbox1\"><div id=\"testimonialbox1text\">\u201cNous conseillons vivement le repas pr\u00e9par\u00e9 en collaboration avec Alessandra divine cuisini\u00e8re. La soir\u00e9e qui s&#8217;ensuivit fut inoubliable! &#8211; Sept. 3, 2011\u201d<\/div><div id=\"testimonialbox1name\">Valerie Laporte, France<\/div><\/div>\n<div id=\"testimonialbox1\"><div id=\"testimonialbox1text\">\u201cWe all wanted to let you know what a great night we had and how beautiful your food was. \u00a0We\u2019ve been taking your lessons and applying them to our cooking and we\u2019re just loving the flavours.\u00a0Thank you so much for that lovely night, it really was one of the highlights of our whole trip to Italy. \u00a0It was my favourite for sure. \u00a0Your food is still some of the yummiest we\u2019ve ever had. &#8211; May 12, 2014\u201d<\/div><div id=\"testimonialbox1name\">Mike Burke, Australia<\/div><\/div>\n<p>I&#8217;ve always been doing cooking lessons to my guests and because of the success I decided to expand this offer to other guests of Lucca area.<div class=\"headline1-medium-arial\" style=\"color:#000000\">You could be the next one to cook with me!<\/div><\/p>\n<p><div class=\"headline1-large-left subheadcufonfont\" style=\"color:#000000\">Costs:<\/div>\u00a0each class starts at 6 pm or 10 am and lasts for about 1 hour and a half. I charge 25 euros for adults and 10 euros for children aged from 4 to 14. Under 4-years-old are free. \u00a0If you are less than 8 adults, I charge at least 200 euros for all of you.<\/p>\n<p>If you are interested, please let me know in advance so that we can arrange the date. <em><strong>If you don\u2019t want to learn how to cook, but you want only to eat<\/strong> the dinner, tell it me and I\u2019ll bring you the dinner ready.<\/em><\/p>\n<p><strong>Contact me: <\/strong>Alessandra Donati &#8211; Via del Cimitero 529\/i Vicopelago 55100 Lucca \u00a0&#8211; \u00a0email: golffissazione@gmail.com &#8211; phone: 347 3625382<\/p>\n<p>Don&#8217;t miss this experience&#8230;<div class=\"headline1-large-left subheadcufonfont\" style=\"color:#000000\">Enjoy your Italian dinner!<\/div><\/p>\n<p>&nbsp;<\/p>\n","protected":false},"excerpt":{"rendered":"<p>Cooking classes on request. I\u2019m available to show and cook together with the guests a typical full Italian dinner or lunch, from starter to dessert. A Tuscan handmade pasta, lasagne with tasty meat or vegetable sauce, bean and vegetable soups, can be followed by a wide variety of organic meats, vegetable side dishes, dessert and [&hellip;]<\/p>\n","protected":false},"author":1,"featured_media":0,"parent":0,"menu_order":0,"comment_status":"open","ping_status":"open","template":"","meta":{"footnotes":""},"class_list":["post-338","page","type-page","status-publish","hentry"],"_links":{"self":[{"href":"https:\/\/www.golfissazione.com\/risorse\/wp-json\/wp\/v2\/pages\/338","targetHints":{"allow":["GET"]}}],"collection":[{"href":"https:\/\/www.golfissazione.com\/risorse\/wp-json\/wp\/v2\/pages"}],"about":[{"href":"https:\/\/www.golfissazione.com\/risorse\/wp-json\/wp\/v2\/types\/page"}],"author":[{"embeddable":true,"href":"https:\/\/www.golfissazione.com\/risorse\/wp-json\/wp\/v2\/users\/1"}],"replies":[{"embeddable":true,"href":"https:\/\/www.golfissazione.com\/risorse\/wp-json\/wp\/v2\/comments?post=338"}],"version-history":[{"count":31,"href":"https:\/\/www.golfissazione.com\/risorse\/wp-json\/wp\/v2\/pages\/338\/revisions"}],"predecessor-version":[{"id":1031,"href":"https:\/\/www.golfissazione.com\/risorse\/wp-json\/wp\/v2\/pages\/338\/revisions\/1031"}],"wp:attachment":[{"href":"https:\/\/www.golfissazione.com\/risorse\/wp-json\/wp\/v2\/media?parent=338"}],"curies":[{"name":"wp","href":"https:\/\/api.w.org\/{rel}","templated":true}]}}