{"id":2081,"date":"2017-08-30T17:59:06","date_gmt":"2017-08-30T17:59:06","guid":{"rendered":"http:\/\/www.golfissazione.com\/risorse\/?page_id=2081"},"modified":"2017-09-25T15:56:20","modified_gmt":"2017-09-25T15:56:20","slug":"carteangg","status":"publish","type":"page","link":"https:\/\/www.golfissazione.com\/risorse\/carteangg\/","title":{"rendered":"carteangg"},"content":{"rendered":"<p><a href=\"http:\/\/www.golfissazione.com\/risorse\/wp-content\/uploads\/2016\/02\/cart-e1455117237720.jpg\" rel=\"attachment wp-att-1355\"><img loading=\"lazy\" decoding=\"async\" class=\"alignleft wp-image-1355\" src=\"http:\/\/www.golfissazione.com\/risorse\/wp-content\/uploads\/2016\/02\/cart-e1455117237720.jpg\" alt=\"cart\" width=\"445\" height=\"332\" srcset=\"https:\/\/www.golfissazione.com\/risorse\/wp-content\/uploads\/2016\/02\/cart-e1455117237720.jpg 960w, https:\/\/www.golfissazione.com\/risorse\/wp-content\/uploads\/2016\/02\/cart-e1455117237720-300x224.jpg 300w, https:\/\/www.golfissazione.com\/risorse\/wp-content\/uploads\/2016\/02\/cart-e1455117237720-768x573.jpg 768w\" sizes=\"auto, (max-width: 445px) 100vw, 445px\" \/><\/a>Le carte degli Angeli sono un potente strumento per i tuoi momenti di incertezza e difficolt\u00e0. Ho seguito il corso per apprendere la tecnica di lettura tre anni fa da Doreen Virtue, una delle autrici pi\u00f9 esperte di Angeli.<\/p>\n<p>Tornata dal corso avevo riposto le carte in un cassetto dimenticandomene completamente.<\/p>\n<p>Quando dopo mesi ho riordinato il cassetto ero in un momento particolare in cui avevo bisogno di scegliere se continuare un lavoro o lasciarlo. Come per gioco ho preso il mazzo in mano, l&#8217;ho purificato ed ho posto la domanda: Cosa ha in serbo per me l&#8217;Universo dal punto di vista del lavoro? Mi \u00e8 uscita la carta dell&#8217;Arcangelo Haniel, proprio quello della luna piena che gi\u00e0 adoravo. La carta mi diceva di lavorare con le mie doti spirituali e dunque col Theta Healing e la Terapia Angelica! In quel momento organizzavo golf clinic, ma intuitivamente sentivo che non era il lavoro per me. Quella carta mi ha fatto decidere di aprire il sito Paradisointerra!<a href=\"http:\/\/www.golfissazione.com\/risorse\/wp-content\/uploads\/2016\/02\/caar.jpg\" rel=\"attachment wp-att-1359\"><img loading=\"lazy\" decoding=\"async\" class=\"alignright size-medium wp-image-1359\" src=\"http:\/\/www.golfissazione.com\/risorse\/wp-content\/uploads\/2016\/02\/caar-224x300.jpg\" alt=\"caar\" width=\"224\" height=\"300\" srcset=\"https:\/\/www.golfissazione.com\/risorse\/wp-content\/uploads\/2016\/02\/caar-224x300.jpg 224w, https:\/\/www.golfissazione.com\/risorse\/wp-content\/uploads\/2016\/02\/caar.jpg 716w\" sizes=\"auto, (max-width: 224px) 100vw, 224px\" \/><\/a><\/p>\n<p>Da allora uso le carte divertendomi, i miei figli mi chiedono spesso di leggerle per loro.<\/p>\n<p>E siccome sono certa che l&#8217;intuizione e la chiaroveggenza sono doti che si possono imparare e allenare, ho deciso di tenere il corso di<\/p>\n<div class=\"headline1-large-left subheadcufonfont\" style=\"color:#CC0000\">Lettura carte degli Angeli<\/div>\n<p>Questo corso di mezza giornata \u00e8 illuminante e divertente, ti illustro la simbologia delle carte e come interpretarle.\u00a0 Molti pensano che le capacit\u00e0 divinatorie appartengano a poche persone dotate, ma non \u00e8 cos\u00ec. Doreen Virtue insegna il sistema a migliaia di persone e le certifica per la lettura, ci\u00f2 significa che<strong> TUTTI, ma proprio TUTTI (s\u00ec, anche TU!)<\/strong> con l&#8217;allenamento possono usare questo straordinario strumento.<\/p>\n<p>Cosa imparerai al Corso?<\/p>\n<ul>\n<li>Come connetterti con l&#8217;Energia Angelica<\/li>\n<li>Come prepararti e come preparare le carte per una lettura accurata;<\/li>\n<li>Come leggere le carte per te, quando ne hai bisogno!<\/li>\n<li>Come rispondere alle richieste delle persone che si rivolgono a te;<\/li>\n<li>L&#8217;interpretazione del vero significato delle carte;<\/li>\n<li>Come aumentare la fiducia nelle tue abilit\u00e0 di lettore<\/li>\n<li>Il significato profondo della disposizione delle carte secondo la Croce Celtica;<\/li>\n<li>Le letture sullo scopo della vita, sulle relazioni d\u2019amore e sulla salute<\/li>\n<li>Come formulare le domande giuste per vivere pi\u00f9 felicemente il tuo quotidian<\/li>\n<\/ul>\n<div class=\"headline1-large-left subheadcufonfont\" style=\"color:#CC0000\">Quando e dove?<\/div>\n<p style=\"text-align: center;\"><strong>\u00a0Domenica 29 ottobre\u00a0 dalle ore 15 alle ore 19<br \/>\n<\/strong><\/p>\n<p style=\"text-align: center;\"><strong>a Lucca (luogo da concordare)<br \/>\n<\/strong><\/p>\n<p><strong>Chi sono<\/strong><a href=\"http:\/\/www.golfissazione.com\/risorse\/wp-content\/uploads\/2016\/11\/10828017_10204203931392547_1452122489927739372_o.jpg\" rel=\"attachment wp-att-1812\"><img loading=\"lazy\" decoding=\"async\" class=\"alignleft size-thumbnail wp-image-1812\" src=\"http:\/\/www.golfissazione.com\/risorse\/wp-content\/uploads\/2016\/11\/10828017_10204203931392547_1452122489927739372_o-150x150.jpg\" alt=\"10828017_10204203931392547_1452122489927739372_o\" width=\"150\" height=\"150\" \/><\/a><br \/>\nAlessandra Donati. Sono coach, Theta Healer e Angel card reader,<strong> autrice del libro Manifestare con la luna\u00a0<\/strong> &#8211; sito internet\u00a0 www.paradisointerra.com<br \/>\nSono coach, theta healer e Angel Card Reader, certificata da Doreen Virtue.<\/p>\n<p><strong>\u00a0<\/strong><\/p>\n<div class=\"headline1-large-left subheadcufonfont\" style=\"color:#CC0000\">Quanto costa?<\/div>\n<p style=\"text-align: center;\"><strong>euro 40<\/strong><strong><br \/>\n<\/strong><\/p>\n<p>Va aggiunto anche il costo delle carte, che sono necessarie!\u00a0 Puoi comprarle in libreria (non sempre le trovi e il loro costo \u00e8 28,50) oppure dal Giardino dei libri, dove sono in sconto a 24,50 euro, clicca <a href=\"http:\/\/www.ilgiardinodeilibri.it\/libri\/__i-tarocchi-degli-angeli-virtue.php?pn=4830\"><strong>QUI<\/strong><\/a> . Se vuoi posso acquistarle io per te, basta che me lo comunichi entro il 10 settembre.<\/p>\n<p><strong><em>Prenotazione obbligatoria<\/em> telefonando ad Alessandra Donati <\/strong><strong>(347 3625382) oppure con sms\/whatsapp<br \/>\n<\/strong><\/p>\n<p>Registrazioni dalle ore 16,30 alle 17, arriva puntuale!<\/p>\n<p>Domande frequenti<\/p>\n<p><strong>Bisogna essere esperti di Angeli per fare letture?<\/strong> No assolutamente. Gli Angeli ti assistono appena li chiami, la conoscenza intellettuale non conta.<\/p>\n<p><strong>E se ricevo messaggi che mi mettono paura?<\/strong> Non \u00e8 possibile! Si tratta di carte degli Angeli che non hanno messaggi completamente negativi, tranne alcune carte che segnalano periodi di ristagno o squilibrio e comunque basta cambiare il presente per influenzare un futuro diverso!<\/p>\n<p><strong>E se \u201cvedo\u201d un futuro negativo per me?<\/strong> Anche qui \u00e8 impossibile. Come vedrai al corso, ci sono tanti possibili futuri per ognuno di noi. E\u2019 il presente che crea il futuro, noi siamo esseri in continua evoluzione e come il film \u201cSliding door\u201d possiamo scegliere fra tante possibili porte chiuse quale porta aprire.<\/p>\n<p><strong>Devo mettere anche la mia immaginazione per fare una lettura?<\/strong> S\u00ec! L\u2019immaginazione \u00e8 una parte di te, fa parte del tuo essere, del tuo modo di pensare ed \u00e8 REALE quanto \u00e8 reale il pensiero, attinge all\u2019inconscio e alla memoria collettiva.<\/p>\n<p><strong>L\u2019ego pu\u00f2 interferire in una lettura?<\/strong> Purtroppo s\u00ec. Pregheremo, mediteremo e ci ripuliremo per indurlo a tacere e lasciare che il nostro intuito ci guidi. la buona notizia \u00e8 che possiamo renderci conto quando l\u2019ego interviene.<\/p>\n<p><strong>Con sole 4 ore di corso sono in grado di fare letture?<\/strong> S\u00ec! le cose fondamentali da sapere sono POCHE, nel mazzo di carte c\u2019\u00e8 un\u2019utile guida che ti aiuta a eseguire letture anche a casa. E\u2019 tutta questione di pratica!<\/p>\n<p>&nbsp;<\/p>\n<p>Luce e amore,<\/p>\n<p>Alessandra<\/p>\n<p>&nbsp;<\/p>\n<p>&nbsp;<\/p>\n<p><a href=\"http:\/\/www.golfissazione.com\/risorse\/wp-content\/uploads\/2017\/03\/ebook-alessandra2.png\" rel=\"attachment wp-att-2022\"><img loading=\"lazy\" decoding=\"async\" class=\"alignleft size-thumbnail wp-image-2022\" src=\"http:\/\/www.golfissazione.com\/risorse\/wp-content\/uploads\/2017\/03\/ebook-alessandra2-150x150.png\" alt=\"ebook-alessandra2\" width=\"150\" height=\"150\" \/><\/a>Al corso potrai acquistare il mio libro &#8220;Manifestare con la luna&#8221; a soli 10 euro anzich\u00e9 12.<\/p>\n<p>&nbsp;<\/p>\n<p>&nbsp;<\/p>\n<p>&nbsp;<\/p>\n","protected":false},"excerpt":{"rendered":"<p>Le carte degli Angeli sono un potente strumento per i tuoi momenti di incertezza e difficolt\u00e0. Ho seguito il corso per apprendere la tecnica di lettura tre anni fa da Doreen Virtue, una delle autrici pi\u00f9 esperte di Angeli. Tornata dal corso avevo riposto le carte in un cassetto dimenticandomene completamente. Quando dopo mesi ho [&hellip;]<\/p>\n","protected":false},"author":1,"featured_media":0,"parent":0,"menu_order":0,"comment_status":"closed","ping_status":"closed","template":"","meta":{"footnotes":""},"class_list":["post-2081","page","type-page","status-publish","hentry"],"_links":{"self":[{"href":"https:\/\/www.golfissazione.com\/risorse\/wp-json\/wp\/v2\/pages\/2081","targetHints":{"allow":["GET"]}}],"collection":[{"href":"https:\/\/www.golfissazione.com\/risorse\/wp-json\/wp\/v2\/pages"}],"about":[{"href":"https:\/\/www.golfissazione.com\/risorse\/wp-json\/wp\/v2\/types\/page"}],"author":[{"embeddable":true,"href":"https:\/\/www.golfissazione.com\/risorse\/wp-json\/wp\/v2\/users\/1"}],"replies":[{"embeddable":true,"href":"https:\/\/www.golfissazione.com\/risorse\/wp-json\/wp\/v2\/comments?post=2081"}],"version-history":[{"count":5,"href":"https:\/\/www.golfissazione.com\/risorse\/wp-json\/wp\/v2\/pages\/2081\/revisions"}],"predecessor-version":[{"id":2114,"href":"https:\/\/www.golfissazione.com\/risorse\/wp-json\/wp\/v2\/pages\/2081\/revisions\/2114"}],"wp:attachment":[{"href":"https:\/\/www.golfissazione.com\/risorse\/wp-json\/wp\/v2\/media?parent=2081"}],"curies":[{"name":"wp","href":"https:\/\/api.w.org\/{rel}","templated":true}]}}