{"id":1994,"date":"2017-03-17T18:23:52","date_gmt":"2017-03-17T18:23:52","guid":{"rendered":"http:\/\/www.golfissazione.com\/risorse\/?page_id=1994"},"modified":"2018-06-08T16:17:31","modified_gmt":"2018-06-08T16:17:31","slug":"rituale-di-luna-nuova","status":"publish","type":"page","link":"https:\/\/www.golfissazione.com\/risorse\/rituale-di-luna-nuova\/","title":{"rendered":"Rituale di luna nuova"},"content":{"rendered":"<p><a href=\"http:\/\/www.golfissazione.com\/risorse\/wp-content\/uploads\/2017\/03\/51c527ea159ba7d729de81aa1548f553.jpg\" rel=\"attachment wp-att-2144\"><img loading=\"lazy\" decoding=\"async\" class=\"alignleft wp-image-2144\" src=\"http:\/\/www.golfissazione.com\/risorse\/wp-content\/uploads\/2017\/03\/51c527ea159ba7d729de81aa1548f553.jpg\" alt=\"51c527ea159ba7d729de81aa1548f553\" width=\"371\" height=\"557\" srcset=\"https:\/\/www.golfissazione.com\/risorse\/wp-content\/uploads\/2017\/03\/51c527ea159ba7d729de81aa1548f553.jpg 564w, https:\/\/www.golfissazione.com\/risorse\/wp-content\/uploads\/2017\/03\/51c527ea159ba7d729de81aa1548f553-200x300.jpg 200w\" sizes=\"auto, (max-width: 371px) 100vw, 371px\" \/><\/a>Hai la sensazione di meritare di pi\u00f9 dalla vita ma ancora non riesci a realizzare i tuoi desideri? Il motivo \u00e8 che nel tuo subconscio c&#8217;\u00e8 un accumulo di &#8220;spazzatura emotiva&#8221; che ti limita l&#8217;abbondanza in ogni campo: denaro, relazioni, lavoro.<\/p>\n<p>Vuoi qualche esempio di cosa potrebbe bloccare l&#8217;abbondanza?<\/p>\n<p><strong>1 &#8211; Cattive abitudini<\/strong>. Esempio: troppi caff\u00e8, cibo-spazzatura, sonniferi , fumo, droga, medicine, mangiare spesso per riempire il vuoto, mangiare schifezze, tenere in disordine il tuo ambiente&#8230;<br \/>\n<strong>2 -Le scuse che trovi (convinzioni)<\/strong> per non agire verso la felicit\u00e0: sono troppo vecchio, troppo giovane, non ho soldi, non ho tempo, ho un handicap fisico, sono malato, non ho un titolo, non sono laureato, gli altri sono cattivi e non me lo permettono, c&#8217;\u00e8 la crisi\u2026<\/p>\n<p><strong>3- Emozioni.<\/strong> Esempi: sei reattivo e ti arrabbi facilmente? Sei nella confusione, nel dubbio? Provi spesso tristezza, malinconia, sfiducia, nervosismo, fretta? Sensi di colpa? Senti in te un&#8217;energia di rifiuto, di povert\u00e0, di scarsit\u00e0? Provi una delle 3R?(<strong>rancore, risentimento, rammarico<\/strong>) Quali emozioni ti attraversano che vorresti ridurre di intensit\u00e0? hai ereditato delle informazioni che ti fanno provare queste emozioni, le hai nelle tue memorie?<\/p>\n<p><strong>4 &#8211; Sospesi.<\/strong> Hai debiti verso qualcuno o qualcuno li ha verso di te? Non hai perdonato o hai da farti perdonare qualcosa?<\/p>\n<p><strong>5 -Paure e fobie.<\/strong> Cosa ti spaventa? Il buio? I ladri? La solitudine? L\u2019autorit\u00e0? La morte?<\/p>\n<p><strong>6 &#8211; compiacenza e non riuscire a dire di no<\/strong>, per dire invece s\u00ec a te stesso.<\/p>\n<p><strong>7 &#8211; voti, vincoli, patti, fioretti, maledizioni, ganci, attacchi, giuramenti, promesse, sacramenti e segreti<\/strong> legate alle emozioni che provi<\/p>\n<p>Vuoi ripulirti da tutto questo per essere pronto, a luna nuova, a SEMINARE i desideri di una NUOVA vita ideale? Vieni al<\/p>\n<p><strong><div class=\"headline1-small-tahoma-centered\" style=\"color:#000000\">Scrivere desideri perfetti a luna nuova<\/div><\/strong><\/p>\n<p><strong><div class=\"headline1-small-tahoma-centered\" style=\"color:#000000\">Dove e quando?<\/div><\/strong><\/p>\n<p><strong>\u00a0<span style=\"color: #000000; font-family: Calibri; font-size: medium;\"><u>Via Portovecchio 905 Massarosa (Lucca) m<\/u><\/span>ercoled\u00ec 13\u00a0 dalle ore 21 alle 23<br \/>\n<\/strong><\/p>\n<p>per maggiori informazioni, Alessandra Donati 3473625382 o Taruna tel. 3295485866<\/p>\n<p><strong><div class=\"headline1-small-tahoma-centered\" style=\"color:#000000\">Programma<\/div><\/strong><\/p>\n<p>Eliminazione convinzioni limitanti e tossine fisiche e mentali. Pratica di perdono.\u00a0 Guarigione del bambino interiore. Impegno a realizzare i desideri del cuore, scrivendoli e sentendo di meritarli. <em><strong>Se SENTI dentro di te il potere di realizzarli, i desideri sono gi\u00e0 TUOI. E&#8217; l&#8217;emozione (che sperimenti durante il corso) che\u00a0 &#8220;permette&#8221; la manifestazione del desiderio. Ti saranno attivate nuove energie di pace, amore, abbondanza e gioia.<\/strong><\/em><\/p>\n<p>Avrai chiare indicazioni di come lavorare a casa nei giorni successivi al corso, prima di luna nuova. Devi essere pronto!<\/p>\n<p><a href=\"http:\/\/www.golfissazione.com\/risorse\/wp-content\/uploads\/2016\/11\/3fa4768b31b07f866d495bc44c8d65d5.jpg\" rel=\"attachment wp-att-1815\"><img loading=\"lazy\" decoding=\"async\" class=\"alignleft size-thumbnail wp-image-1815\" src=\"http:\/\/www.golfissazione.com\/risorse\/wp-content\/uploads\/2016\/11\/3fa4768b31b07f866d495bc44c8d65d5-150x150.jpg\" alt=\"3fa4768b31b07f866d495bc44c8d65d5\" width=\"150\" height=\"150\" \/><\/a>A luna nuova c&#8217;\u00e8 un&#8217;energia potentissima <em><strong>per aprire le porte alle novit\u00e0 nella tua vita! <\/strong><\/em>Dopo aver &#8220;lavato via&#8221; la spazzatura dentro, ti sentirai molto pi\u00f9 libero e leggero! <em>E allora il tuo cuore sar\u00e0 libero di esprimere i desideri che veramente ti servono per vivere una vita realizzata spiritualmente e materialmente.<\/em> Prepareremo insieme questo meraviglioso rito benedetto dall&#8217;Arcangelo Haniel. Cos\u00ec, una volta a casa, ti verr\u00e0 spontaneo usare le fasi lunari come un&#8217;ancora, per ricordarti il tuo diritto alla felicit\u00e0, l&#8217;amore, l&#8217;abbondanza.<\/p>\n<p><strong><div class=\"headline1-small-tahoma-centered\" style=\"color:#000000\">Chi sono<\/div><\/strong><\/p>\n<p><a href=\"http:\/\/www.golfissazione.com\/risorse\/wp-content\/uploads\/2016\/11\/10828017_10204203931392547_1452122489927739372_o.jpg\" rel=\"attachment wp-att-1812\"><img loading=\"lazy\" decoding=\"async\" class=\"alignleft size-thumbnail wp-image-1812\" src=\"http:\/\/www.golfissazione.com\/risorse\/wp-content\/uploads\/2016\/11\/10828017_10204203931392547_1452122489927739372_o-150x150.jpg\" alt=\"10828017_10204203931392547_1452122489927739372_o\" width=\"150\" height=\"150\" \/><\/a>Alessandra Donati. Sono theta healer, coach, master pnl, autrice del sito www.paradisointerra e del libro Manifestare con la luna. Da pi\u00f9 di 3 anni seguo le fasi lunari per allontanarmi da ci\u00f2 che non voglio (luna piena e calante) e attrarre ci\u00f2 che invece desidero dal cuore, con amore e intenzione (luna nuova e crescente) Ho realizzato una GRAN PARTE di desideri, tanto da poter affermare di &#8220;essere un&#8217;altra persona&#8221; rispetto a quella che viveva automaticamente, con una punta di &#8220;rassegnazione&#8221; qualche anno fa: una persona colma di gioia, col senso di POTERE di creare miracoli nella mia e nelle altrui vite.<\/p>\n<p style=\"text-align: center;\"><strong><div class=\"headline1-small-tahoma-centered\" style=\"color:#000000\">Testimonianze<\/div><\/strong><\/p>\n<p><a href=\"http:\/\/www.golfissazione.com\/risorse\/wp-content\/uploads\/2017\/03\/Schermata-2017-09-23-alle-13.14.33.png\" rel=\"attachment wp-att-2109\"><img loading=\"lazy\" decoding=\"async\" class=\"alignleft size-full wp-image-2109\" src=\"http:\/\/www.golfissazione.com\/risorse\/wp-content\/uploads\/2017\/03\/Schermata-2017-09-23-alle-13.14.33.png\" alt=\"Schermata 2017-09-23 alle 13.14.33\" width=\"470\" height=\"148\" srcset=\"https:\/\/www.golfissazione.com\/risorse\/wp-content\/uploads\/2017\/03\/Schermata-2017-09-23-alle-13.14.33.png 470w, https:\/\/www.golfissazione.com\/risorse\/wp-content\/uploads\/2017\/03\/Schermata-2017-09-23-alle-13.14.33-300x94.png 300w\" sizes=\"auto, (max-width: 470px) 100vw, 470px\" \/><\/a><\/p>\n<p><a href=\"http:\/\/www.golfissazione.com\/risorse\/wp-content\/uploads\/2017\/03\/Schermata-2017-08-30-alle-15.29.07.png\" rel=\"attachment wp-att-2099\"><img loading=\"lazy\" decoding=\"async\" class=\"alignleft wp-image-2099\" src=\"http:\/\/www.golfissazione.com\/risorse\/wp-content\/uploads\/2017\/03\/Schermata-2017-08-30-alle-15.29.07.png\" alt=\"Schermata 2017-08-30 alle 15.29.07\" width=\"652\" height=\"805\" srcset=\"https:\/\/www.golfissazione.com\/risorse\/wp-content\/uploads\/2017\/03\/Schermata-2017-08-30-alle-15.29.07.png 501w, https:\/\/www.golfissazione.com\/risorse\/wp-content\/uploads\/2017\/03\/Schermata-2017-08-30-alle-15.29.07-243x300.png 243w\" sizes=\"auto, (max-width: 652px) 100vw, 652px\" \/><\/a><\/p>\n<p><a href=\"http:\/\/www.golfissazione.com\/risorse\/wp-content\/uploads\/2017\/03\/Schermata-2017-07-20-alle-11.33.07.png\" rel=\"attachment wp-att-2098\"><img loading=\"lazy\" decoding=\"async\" class=\"alignleft wp-image-2098\" src=\"http:\/\/www.golfissazione.com\/risorse\/wp-content\/uploads\/2017\/03\/Schermata-2017-07-20-alle-11.33.07.png\" alt=\"Schermata 2017-07-20 alle 11.33.07\" width=\"674\" height=\"332\" srcset=\"https:\/\/www.golfissazione.com\/risorse\/wp-content\/uploads\/2017\/03\/Schermata-2017-07-20-alle-11.33.07.png 899w, https:\/\/www.golfissazione.com\/risorse\/wp-content\/uploads\/2017\/03\/Schermata-2017-07-20-alle-11.33.07-300x148.png 300w, https:\/\/www.golfissazione.com\/risorse\/wp-content\/uploads\/2017\/03\/Schermata-2017-07-20-alle-11.33.07-768x378.png 768w\" sizes=\"auto, (max-width: 674px) 100vw, 674px\" \/><\/a><\/p>\n<p>&nbsp;<\/p>\n<p>&nbsp;<\/p>\n<p>&nbsp;<\/p>\n<p>&nbsp;<\/p>\n<p>&nbsp;<\/p>\n<p>&nbsp;<\/p>\n<p>&nbsp;<\/p>\n<p><strong>\u00a0\u00a0\u00a0\u00a0\u00a0\u00a0\u00a0\u00a0\u00a0\u00a0\u00a0\u00a0\u00a0\u00a0\u00a0\u00a0\u00a0 <\/strong><\/p>\n<p>&nbsp;<\/p>\n<p>&nbsp;<\/p>\n<p>&nbsp;<\/p>\n<p>&nbsp;<\/p>\n<p>&nbsp;<\/p>\n<p>&nbsp;<\/p>\n<p>&nbsp;<\/p>\n<p>&nbsp;<\/p>\n<p>&nbsp;<\/p>\n<p>&nbsp;<\/p>\n<p>&nbsp;<\/p>\n<p>&nbsp;<\/p>\n<p>&nbsp;<\/p>\n<p>&nbsp;<\/p>\n<p><strong>\u00a0\u00a0\u00a0\u00a0\u00a0\u00a0\u00a0\u00a0\u00a0\u00a0\u00a0\u00a0\u00a0\u00a0\u00a0\u00a0\u00a0\u00a0\u00a0\u00a0\u00a0\u00a0\u00a0\u00a0\u00a0\u00a0\u00a0\u00a0\u00a0\u00a0\u00a0\u00a0\u00a0\u00a0\u00a0\u00a0\u00a0\u00a0\u00a0\u00a0\u00a0\u00a0\u00a0\u00a0\u00a0\u00a0\u00a0\u00a0\u00a0\u00a0\u00a0\u00a0\u00a0\u00a0\u00a0\u00a0\u00a0\u00a0\u00a0\u00a0\u00a0\u00a0\u00a0\u00a0\u00a0\u00a0\u00a0\u00a0\u00a0\u00a0\u00a0\u00a0\u00a0\u00a0\u00a0\u00a0<\/strong><\/p>\n<p>&nbsp;<\/p>\n<p>____________________________________________________________________________________<\/p>\n<p><strong><div class=\"headline1-small-tahoma-centered\" style=\"color:#000000\">Quanto costa?<\/div><\/strong><\/p>\n<p>Il costo del seminario \u00e8 40 euro, da pagare all&#8217;arrivo.<\/p>\n<p><strong><div class=\"headline1-small-tahoma-centered\" style=\"color:#000000\">Cosa portare?<\/div><\/strong>Quaderno per appunti e bottiglia di acqua di vetro che &#8220;<strong><em>INFORMEREMO&#8221;<\/em><\/strong> insieme. Qualcosa da mangiare, basta una piccola cosa, che condivideremo al termine del corso!<\/p>\n<p><a href=\"http:\/\/www.golfissazione.com\/risorse\/wp-content\/uploads\/2017\/03\/ebook-alessandra2.png\" rel=\"attachment wp-att-2022\"><img loading=\"lazy\" decoding=\"async\" class=\"alignright size-medium wp-image-2022\" src=\"http:\/\/www.golfissazione.com\/risorse\/wp-content\/uploads\/2017\/03\/ebook-alessandra2-271x300.png\" alt=\"ebook-alessandra2\" width=\"271\" height=\"300\" srcset=\"https:\/\/www.golfissazione.com\/risorse\/wp-content\/uploads\/2017\/03\/ebook-alessandra2-271x300.png 271w, https:\/\/www.golfissazione.com\/risorse\/wp-content\/uploads\/2017\/03\/ebook-alessandra2.png 500w\" sizes=\"auto, (max-width: 271px) 100vw, 271px\" \/><\/a><\/p>\n<p>Potrai acquistare il mio libro &#8220;Manifestare con la luna&#8221; a soli 10 euro anzich\u00e9 12 ed entrare cos\u00ec a far parte del gruppo segreto\u00a0 dallo stesso nome &#8220;Manifestare con la luna&#8221;, dove la manifestazione dei desideri \u00e8 facilitata dallo scambio energetico all&#8217;interno del gruppo. (le testimonianze sono prese dal gruppo!)<\/p>\n<p><strong>Che i tuoi desideri siano benedetti e diventino realt\u00e0!<\/strong><\/p>\n<p>Ti aspetto a Collecchio&#8230; prenotati chiamandomi al 3473625382!<\/p>\n<p>&nbsp;<\/p>\n<p>&nbsp;<\/p>\n<p lang=\"it-IT\"><i>&#8220;Immagina quanto la tua vita cambier\u00e0 per il meglio \u2026 Torni a casa da una lunga giornata di lavoro. Sei fisicamente e mentalmente esausta, ma prima di entrare in casa guardi la luna.\u00a0 Come una miccia accesa,\u00a0 fa esplodere dentro di te il ricordo di quanto appreso al corso di Collecchio. Luna Crescente? Mi emoziono pensando al desiderio\u2764\ufe0f Luna calante? Respiro la mia stanchezza e la affido alla luna!<br \/>\n<\/i><\/p>\n<p lang=\"it-IT\"><i>Decidi quindi di entrare in casa con un bel sorriso e condividere la tua ritrovata energia con il resto della famiglia. I tuoi, che in precedenza ti avrebbero concesso un frettoloso saluto, ora non riescono a toglierti gli occhi di dosso. Ti senti come una regina, col potere di comandare il tuo umore e quello degli altri!\u00a0 E se a casa vivi sola, sei la REGINA della tua libert\u00e0 di scegliere il tuo BENE, per portarlo nel tuo mondo.&#8221;<br \/>\n<\/i><\/p>\n","protected":false},"excerpt":{"rendered":"<p>Hai la sensazione di meritare di pi\u00f9 dalla vita ma ancora non riesci a realizzare i tuoi desideri? Il motivo \u00e8 che nel tuo subconscio c&#8217;\u00e8 un accumulo di &#8220;spazzatura emotiva&#8221; che ti limita l&#8217;abbondanza in ogni campo: denaro, relazioni, lavoro. Vuoi qualche esempio di cosa potrebbe bloccare l&#8217;abbondanza? 1 &#8211; Cattive abitudini. Esempio: troppi [&hellip;]<\/p>\n","protected":false},"author":1,"featured_media":0,"parent":0,"menu_order":0,"comment_status":"closed","ping_status":"closed","template":"","meta":{"footnotes":""},"class_list":["post-1994","page","type-page","status-publish","hentry"],"_links":{"self":[{"href":"https:\/\/www.golfissazione.com\/risorse\/wp-json\/wp\/v2\/pages\/1994","targetHints":{"allow":["GET"]}}],"collection":[{"href":"https:\/\/www.golfissazione.com\/risorse\/wp-json\/wp\/v2\/pages"}],"about":[{"href":"https:\/\/www.golfissazione.com\/risorse\/wp-json\/wp\/v2\/types\/page"}],"author":[{"embeddable":true,"href":"https:\/\/www.golfissazione.com\/risorse\/wp-json\/wp\/v2\/users\/1"}],"replies":[{"embeddable":true,"href":"https:\/\/www.golfissazione.com\/risorse\/wp-json\/wp\/v2\/comments?post=1994"}],"version-history":[{"count":5,"href":"https:\/\/www.golfissazione.com\/risorse\/wp-json\/wp\/v2\/pages\/1994\/revisions"}],"predecessor-version":[{"id":2209,"href":"https:\/\/www.golfissazione.com\/risorse\/wp-json\/wp\/v2\/pages\/1994\/revisions\/2209"}],"wp:attachment":[{"href":"https:\/\/www.golfissazione.com\/risorse\/wp-json\/wp\/v2\/media?parent=1994"}],"curies":[{"name":"wp","href":"https:\/\/api.w.org\/{rel}","templated":true}]}}