{"id":1808,"date":"2016-11-06T11:27:03","date_gmt":"2016-11-06T11:27:03","guid":{"rendered":"http:\/\/www.golfissazione.com\/risorse\/?page_id=1808"},"modified":"2018-06-08T22:45:40","modified_gmt":"2018-06-08T22:45:40","slug":"lunuova","status":"publish","type":"page","link":"https:\/\/www.golfissazione.com\/risorse\/lunuova\/","title":{"rendered":"lunuova"},"content":{"rendered":"<p><a href=\"http:\/\/www.golfissazione.com\/risorse\/wp-content\/uploads\/2016\/08\/lumarrr.jpg\" rel=\"attachment wp-att-1632\"><img loading=\"lazy\" decoding=\"async\" class=\"alignleft size-full wp-image-1632\" src=\"http:\/\/www.golfissazione.com\/risorse\/wp-content\/uploads\/2016\/08\/lumarrr.jpg\" alt=\"lumarrr\" width=\"564\" height=\"564\" srcset=\"https:\/\/www.golfissazione.com\/risorse\/wp-content\/uploads\/2016\/08\/lumarrr.jpg 564w, https:\/\/www.golfissazione.com\/risorse\/wp-content\/uploads\/2016\/08\/lumarrr-150x150.jpg 150w, https:\/\/www.golfissazione.com\/risorse\/wp-content\/uploads\/2016\/08\/lumarrr-300x300.jpg 300w\" sizes=\"auto, (max-width: 564px) 100vw, 564px\" \/><\/a><strong>La luna \u00e8 un magnete per il pianeta Terra, ci aiuta a realizzare i nostri desideri, attraendoli nella sua potente energia!<br \/>\n<\/strong><\/p>\n<p>&nbsp;<\/p>\n<p><strong>Il 13 giugno, luna NUOVA, ci troviamo insieme per scrivere<\/strong>\u00a0i desideri del cuore; faremo uno speciale rituale, affinch\u00e9 siano ben CHIARI alla nostra coscienza e al nostro subconscio.<\/p>\n<p>Potrai ascoltare i magnifici canti alla luna direttamente dalla voce di Taruna, quelli appositi per la luna nuova ti penetrano nel cuore aprendoti alla chiarezza di intenti.<\/p>\n<p>La luna non si vedr\u00e0 nel cielo, perch\u00e9 e&#8217; NUOVA, cio\u00e8 senza luce riflessa del sole, ma tempo permettendo ammireremo le stelle in un paesaggio di aperta campagna meraviglioso.<\/p>\n<p>&nbsp;<\/p>\n<p style=\"text-align: center;\"><strong>Ecco cosa scoprirai in questa magica serata:<\/strong><\/p>\n<ul>\n<li>L&#8217;importanza del desiderare: l&#8217;energia del desiderio aiuta a tornare bambini e ripulire il cuore dal suo rivestimento soffocante<\/li>\n<li>come esprimere correttamente i desideri, in modo che siano recepiti dalla coscienza, dal subconscio, dalla Luna e dall&#8217;Universo<\/li>\n<li>Come i canti bypassino la mente conscia arrivando direttamente al subconscio, che pu\u00f2 fare chiarezza su cosa davvero ti serve<\/li>\n<li>Come lasciarti andare e cantare insieme a noi, ripetendo un potente mantra di augurio di luce a ogni partecipante<\/li>\n<\/ul>\n<p>Sar\u00e0 un incontro intenso ed emozionante,\u00a0 in cui ci sentiremo DEGNI di ricevere abbondanza e pieni di potere creativo. \u00a0<em><a title=\"Aforisma di Oscar Wilde\" href=\"http:\/\/aforismi.meglio.it\/aforisma.htm?id=21e7\"> \u201cLa sola vera tristezza \u00e8 nell\u2019assenza di desiderio.\u201d (Charles-Ferdinand Ramuz) <\/a><\/em><div class=\"headline1-large-left subheadcufonfont\" style=\"color:#CC0000\">Quando e dove?<\/div><\/p>\n<p style=\"text-align: center;\"><strong>\u00a0Mercoled\u00ec 13 giugno ore 21-23<br \/>\n<\/strong><\/p>\n<p style=\"text-align: center;\"><strong>\u00a0via Portovecchio n.905 Massarosa (Lucca)<br \/>\n<\/strong><\/p>\n<p><strong>Chi siamo<\/strong><a href=\"http:\/\/www.golfissazione.com\/risorse\/wp-content\/uploads\/2016\/11\/10828017_10204203931392547_1452122489927739372_o.jpg\" rel=\"attachment wp-att-1812\"><img loading=\"lazy\" decoding=\"async\" class=\"alignleft size-thumbnail wp-image-1812\" src=\"http:\/\/www.golfissazione.com\/risorse\/wp-content\/uploads\/2016\/11\/10828017_10204203931392547_1452122489927739372_o-150x150.jpg\" alt=\"10828017_10204203931392547_1452122489927739372_o\" width=\"150\" height=\"150\" \/><\/a><br \/>\nAlessandra Donati. Sono coach, Theta Healer e Angel card reader,<strong> autrice del libro Manifestare con la luna\u00a0<\/strong> &#8211; sito internet\u00a0 www.paradisointerra.com<br \/>\nUtilizzo le fasi lunari da anni per realizzare i miei desideri e ne ho realizzati TANTISSIMI! Sto diffondendo questo sistema in tutta Italia grazie al mio sito e al libro.<\/p>\n<p>&nbsp;<\/p>\n<p><a href=\"http:\/\/www.golfissazione.com\/risorse\/wp-content\/uploads\/2016\/11\/10371687_653382644747476_8500398490328415523_n.jpg\" rel=\"attachment wp-att-2210\"><img loading=\"lazy\" decoding=\"async\" class=\"alignleft size-thumbnail wp-image-2210\" src=\"http:\/\/www.golfissazione.com\/risorse\/wp-content\/uploads\/2016\/11\/10371687_653382644747476_8500398490328415523_n-150x150.jpg\" alt=\"10371687_653382644747476_8500398490328415523_n\" width=\"150\" height=\"150\" \/><\/a><\/p>\n<p><strong>\u00a0<\/strong><\/p>\n<p>Taruna Irene Pignati. Riflessologa plantare, massaggiatrice, operatrice energetica e di discipline bionaturali. E\u2019 cantautrice da molti anni e medita in natura con la luna. Dopo aver conosciuto Alessandra si \u00e8 sentita ispirata a creare \u201cCanti alla luna\u201d<\/p>\n<p>&nbsp;<\/p>\n<p>&nbsp;<\/p>\n<p>&nbsp;<\/p>\n<div class=\"headline1-large-left subheadcufonfont\" style=\"color:#CC0000\">Quanto costa?<\/div>\n<p style=\"text-align: center;\"><strong>euro 25<\/strong><strong><br \/>\n<\/strong><\/p>\n<p style=\"text-align: center;\"><strong>COMPRESI I CANTI ALLA LUNA!!!!<\/strong><\/p>\n<p style=\"text-align: center;\">Se hai gi\u00e0 acquistato &#8220;Canti alla luna&#8221; l&#8217;ingresso sar\u00e0 solo di <strong>10 euro<\/strong>!<\/p>\n<p style=\"text-align: center;\">Testimonianze di persone che hanno manifestato i desideri:<\/p>\n<p style=\"text-align: center;\"><a href=\"http:\/\/www.golfissazione.com\/risorse\/wp-content\/uploads\/2016\/11\/Schermata-2018-06-08-alle-18.46.08.png\" rel=\"attachment wp-att-2219\"><img loading=\"lazy\" decoding=\"async\" class=\"alignleft size-full wp-image-2219\" src=\"http:\/\/www.golfissazione.com\/risorse\/wp-content\/uploads\/2016\/11\/Schermata-2018-06-08-alle-18.46.08.png\" alt=\"Schermata 2018-06-08 alle 18.46.08\" width=\"579\" height=\"135\" srcset=\"https:\/\/www.golfissazione.com\/risorse\/wp-content\/uploads\/2016\/11\/Schermata-2018-06-08-alle-18.46.08.png 579w, https:\/\/www.golfissazione.com\/risorse\/wp-content\/uploads\/2016\/11\/Schermata-2018-06-08-alle-18.46.08-300x70.png 300w\" sizes=\"auto, (max-width: 579px) 100vw, 579px\" \/><\/a><\/p>\n<p style=\"text-align: center;\"><a href=\"http:\/\/www.golfissazione.com\/risorse\/wp-content\/uploads\/2016\/11\/Schermata-2017-06-29-alle-19.36.15.png\" rel=\"attachment wp-att-2053\"><img loading=\"lazy\" decoding=\"async\" class=\"aligncenter wp-image-2053\" src=\"http:\/\/www.golfissazione.com\/risorse\/wp-content\/uploads\/2016\/11\/Schermata-2017-06-29-alle-19.36.15-1024x640.png\" alt=\"Schermata 2017-06-29 alle 19.36.15\" width=\"821\" height=\"513\" srcset=\"https:\/\/www.golfissazione.com\/risorse\/wp-content\/uploads\/2016\/11\/Schermata-2017-06-29-alle-19.36.15-1024x640.png 1024w, https:\/\/www.golfissazione.com\/risorse\/wp-content\/uploads\/2016\/11\/Schermata-2017-06-29-alle-19.36.15-300x188.png 300w, https:\/\/www.golfissazione.com\/risorse\/wp-content\/uploads\/2016\/11\/Schermata-2017-06-29-alle-19.36.15-768x480.png 768w, https:\/\/www.golfissazione.com\/risorse\/wp-content\/uploads\/2016\/11\/Schermata-2017-06-29-alle-19.36.15.png 1440w\" sizes=\"auto, (max-width: 821px) 100vw, 821px\" \/><\/a><\/p>\n<div class=\"headline1-large-left subheadcufonfont\" style=\"color:#CC0000\">Cosa portare\/Come prenotare<\/div>\n<p>Porta il\u00a0 quaderno dei desideri alla luna o un blocco per appunti, una penna e tanta disponibilit\u00e0 a dichiarare FORTI desideri!<\/p>\n<p><strong>Telefona ad Alessandra\u00a0<\/strong><strong>347 3625382 o a Taruna 3295485866<br \/>\n<\/strong><\/p>\n<p style=\"text-align: center;\"><strong>\u00a0<\/strong><\/p>\n<p><strong><a href=\"http:\/\/www.golfissazione.com\/risorse\/wp-content\/uploads\/2016\/11\/disc_876x876.jpg\" rel=\"attachment wp-att-2211\"><img loading=\"lazy\" decoding=\"async\" class=\"alignleft size-thumbnail wp-image-2211\" src=\"http:\/\/www.golfissazione.com\/risorse\/wp-content\/uploads\/2016\/11\/disc_876x876-150x150.jpg\" alt=\"disc_876x876\" width=\"150\" height=\"150\" srcset=\"https:\/\/www.golfissazione.com\/risorse\/wp-content\/uploads\/2016\/11\/disc_876x876-150x150.jpg 150w, https:\/\/www.golfissazione.com\/risorse\/wp-content\/uploads\/2016\/11\/disc_876x876-300x300.jpg 300w, https:\/\/www.golfissazione.com\/risorse\/wp-content\/uploads\/2016\/11\/disc_876x876-768x768.jpg 768w, https:\/\/www.golfissazione.com\/risorse\/wp-content\/uploads\/2016\/11\/disc_876x876.jpg 876w\" sizes=\"auto, (max-width: 150px) 100vw, 150px\" \/><\/a>In questa serata avrai i canti alla luna a soli 15 euro anzich\u00e9 27, compresi nei 25 di ingresso.<\/strong><\/p>\n<p>&nbsp;<\/p>\n<p><strong>Che i tuoi desideri siano benedetti e diventino realt\u00e0!<\/strong><\/p>\n<p><em><a title=\"Aforisma di Oscar Wilde\" href=\"http:\/\/aforismi.meglio.it\/aforisma.htm?id=21e7\">&#8220;Folle \u00e8 l\u2019uomo che parla alla luna. Stolto chi non le presta ascolto.&#8221; (<\/a><a href=\"http:\/\/lacapannadelsilenzio.it\/romeo-giulietta-per-ricordare-shakespeare-o-chi-per-lui\/\">William Shakespeare<\/a><a title=\"Aforisma di Oscar Wilde\" href=\"http:\/\/aforismi.meglio.it\/aforisma.htm?id=21e7\">)<br \/>\n<\/a><\/em><\/p>\n","protected":false},"excerpt":{"rendered":"<p>La luna \u00e8 un magnete per il pianeta Terra, ci aiuta a realizzare i nostri desideri, attraendoli nella sua potente energia! &nbsp; Il 13 giugno, luna NUOVA, ci troviamo insieme per scrivere\u00a0i desideri del cuore; faremo uno speciale rituale, affinch\u00e9 siano ben CHIARI alla nostra coscienza e al nostro subconscio. Potrai ascoltare i magnifici canti [&hellip;]<\/p>\n","protected":false},"author":1,"featured_media":0,"parent":0,"menu_order":0,"comment_status":"closed","ping_status":"closed","template":"","meta":{"footnotes":""},"class_list":["post-1808","page","type-page","status-publish","hentry"],"_links":{"self":[{"href":"https:\/\/www.golfissazione.com\/risorse\/wp-json\/wp\/v2\/pages\/1808","targetHints":{"allow":["GET"]}}],"collection":[{"href":"https:\/\/www.golfissazione.com\/risorse\/wp-json\/wp\/v2\/pages"}],"about":[{"href":"https:\/\/www.golfissazione.com\/risorse\/wp-json\/wp\/v2\/types\/page"}],"author":[{"embeddable":true,"href":"https:\/\/www.golfissazione.com\/risorse\/wp-json\/wp\/v2\/users\/1"}],"replies":[{"embeddable":true,"href":"https:\/\/www.golfissazione.com\/risorse\/wp-json\/wp\/v2\/comments?post=1808"}],"version-history":[{"count":6,"href":"https:\/\/www.golfissazione.com\/risorse\/wp-json\/wp\/v2\/pages\/1808\/revisions"}],"predecessor-version":[{"id":2223,"href":"https:\/\/www.golfissazione.com\/risorse\/wp-json\/wp\/v2\/pages\/1808\/revisions\/2223"}],"wp:attachment":[{"href":"https:\/\/www.golfissazione.com\/risorse\/wp-json\/wp\/v2\/media?parent=1808"}],"curies":[{"name":"wp","href":"https:\/\/api.w.org\/{rel}","templated":true}]}}