{"id":1674,"date":"2016-08-13T14:41:59","date_gmt":"2016-08-13T14:41:59","guid":{"rendered":"http:\/\/www.golfissazione.com\/risorse\/?page_id=1674"},"modified":"2016-11-03T14:41:05","modified_gmt":"2016-11-03T14:41:05","slug":"fagiolomagico","status":"publish","type":"page","link":"https:\/\/www.golfissazione.com\/risorse\/fagiolomagico\/","title":{"rendered":"fagiolomagico"},"content":{"rendered":"<p>E&#8217; un rituale facile e divertente, che racchiude un potenziale &#8220;psicomagico&#8221;. <a href=\"http:\/\/www.golfissazione.com\/risorse\/wp-content\/uploads\/2016\/08\/13679872_914613205332353_5177917451145607320_o.jpg\" rel=\"attachment wp-att-1679\"><img loading=\"lazy\" decoding=\"async\" class=\"alignright size-thumbnail wp-image-1679\" src=\"http:\/\/www.golfissazione.com\/risorse\/wp-content\/uploads\/2016\/08\/13679872_914613205332353_5177917451145607320_o-150x150.jpg\" alt=\"13679872_914613205332353_5177917451145607320_o\" width=\"150\" height=\"150\" \/><\/a><\/p>\n<p>Il tuo subconscio, vedendo la pianta che spunta &#8220;CREDE POSSIBILE&#8221; la realizzazione dei tuoi desideri del cuore, ti mander\u00e0 le opportunit\u00e0 per realizzare ci\u00f2 che chiedi.<br \/>\nScarica questo manuale e pianta i tuoi fagioli a luna nuova!<br \/>\nLascia il tuo nome e la tua email nel form qui sotto, ti arriva subito sulla casella di posta:<\/p>\n<div class=\"AW-Form-861180331\"><\/div>\n<p><script type=\"text\/javascript\">\/\/ <![CDATA[\n(function(d, s, id) {\n    var js, fjs = d.getElementsByTagName(s)[0];\n    if (d.getElementById(id)) return;\n    js = d.createElement(s); js.id = id;\n    js.src = \"\/\/forms.aweber.com\/form\/31\/861180331.js\";\n    fjs.parentNode.insertBefore(js, fjs);\n    }(document, \"script\", \"aweber-wjs-q1yxjjody\"));\n\/\/ ]]><\/script><\/p>\n<p>Testimoninaza spontanea di Monica:<br \/>\n<div id=\"testimonialbox1\"><div id=\"testimonialbox1text\">&#8220;Cara Alessandra &#8230; fagioli piantati e che emozione dopo due giorni vederli tutti mettere piccole radici&#8230;.<br \/>\nE quanto amore verso queste piccole piante ma che hanno un enorme potenziale di Vita<br \/>\nGrazie Grazie Grazie\u201d<\/div><div id=\"testimonialbox1name\">Monica, ha scaricato Il fagiolo magico a ottobre 2016<\/div><\/div><\/p>\n","protected":false},"excerpt":{"rendered":"<p>E&#8217; un rituale facile e divertente, che racchiude un potenziale &#8220;psicomagico&#8221;. Il tuo subconscio, vedendo la pianta che spunta &#8220;CREDE POSSIBILE&#8221; la realizzazione dei tuoi desideri del cuore, ti mander\u00e0 le opportunit\u00e0 per realizzare ci\u00f2 che chiedi. Scarica questo manuale e pianta i tuoi fagioli a luna nuova! Lascia il tuo nome e la tua [&hellip;]<\/p>\n","protected":false},"author":1,"featured_media":0,"parent":0,"menu_order":0,"comment_status":"closed","ping_status":"closed","template":"","meta":{"footnotes":""},"class_list":["post-1674","page","type-page","status-publish","hentry"],"_links":{"self":[{"href":"https:\/\/www.golfissazione.com\/risorse\/wp-json\/wp\/v2\/pages\/1674","targetHints":{"allow":["GET"]}}],"collection":[{"href":"https:\/\/www.golfissazione.com\/risorse\/wp-json\/wp\/v2\/pages"}],"about":[{"href":"https:\/\/www.golfissazione.com\/risorse\/wp-json\/wp\/v2\/types\/page"}],"author":[{"embeddable":true,"href":"https:\/\/www.golfissazione.com\/risorse\/wp-json\/wp\/v2\/users\/1"}],"replies":[{"embeddable":true,"href":"https:\/\/www.golfissazione.com\/risorse\/wp-json\/wp\/v2\/comments?post=1674"}],"version-history":[{"count":7,"href":"https:\/\/www.golfissazione.com\/risorse\/wp-json\/wp\/v2\/pages\/1674\/revisions"}],"predecessor-version":[{"id":1807,"href":"https:\/\/www.golfissazione.com\/risorse\/wp-json\/wp\/v2\/pages\/1674\/revisions\/1807"}],"wp:attachment":[{"href":"https:\/\/www.golfissazione.com\/risorse\/wp-json\/wp\/v2\/media?parent=1674"}],"curies":[{"name":"wp","href":"https:\/\/api.w.org\/{rel}","templated":true}]}}