{"id":1418,"date":"2016-05-23T09:37:44","date_gmt":"2016-05-23T09:37:44","guid":{"rendered":"http:\/\/www.golfissazione.com\/risorse\/?page_id=1418"},"modified":"2017-03-23T11:56:53","modified_gmt":"2017-03-23T11:56:53","slug":"luna","status":"publish","type":"page","link":"https:\/\/www.golfissazione.com\/risorse\/luna\/","title":{"rendered":"luna"},"content":{"rendered":"<p>Circa 3 anni fa ho scoperto che la Luna aiuta a realizzare i desideri grazie a semplici rituali fatti nella fase lunare giusta.\u00a0 Che entusiasmo ha scatenato in me!\u00a0 Cos\u00ec, quando ho esposto alla luce della luna piena acqua da bere, oggetti e lista dei desideri mi sono sentita euforica e felice. E funzionava!<\/p>\n<p><a href=\"http:\/\/www.golfissazione.com\/risorse\/wp-content\/uploads\/2016\/05\/lusp-e1464677616613.jpg\" rel=\"attachment wp-att-1428\"><img loading=\"lazy\" decoding=\"async\" class=\"size-medium wp-image-1428 aligncenter\" src=\"http:\/\/www.golfissazione.com\/risorse\/wp-content\/uploads\/2016\/05\/lusp-e1464677616613-300x127.jpg\" alt=\"Red moon over the sea\" width=\"300\" height=\"127\" srcset=\"https:\/\/www.golfissazione.com\/risorse\/wp-content\/uploads\/2016\/05\/lusp-e1464677616613-300x127.jpg 300w, https:\/\/www.golfissazione.com\/risorse\/wp-content\/uploads\/2016\/05\/lusp-e1464677616613.jpg 597w\" sizes=\"auto, (max-width: 300px) 100vw, 300px\" \/><\/a><\/p>\n<p>Non vedevo l&#8217;ora di condividere questa scoperta.<\/p>\n<p>Ho scritto un articolo sul blog, su come esporre oggetti, acqua, pietre e lista dei desideri alla vigilia di luna piena. Enorme successo di pubblico! Pi\u00f9 di 70 commenti e un sacco di persone che mi hanno scritto di aver manifestato i desideri!<\/p>\n<p style=\"text-align: center;\"><strong>Tuttavia tanta gente non riusciva a realizzare niente<\/strong>,<\/p>\n<p>nemmeno dopo mesi che ripeteva i rituali.\u00a0 I motivi per cui i desideri restano &#8220;inascoltati&#8221; sono molti, ma il principale \u00e8 un <strong>blocco inconscio<\/strong> dalla consistenza talmente viscida da sembrare un&#8230; panetto di burro.<\/p>\n<p><a href=\"http:\/\/www.golfissazione.com\/risorse\/wp-content\/uploads\/2016\/05\/brr.jpg\" rel=\"attachment wp-att-1432\"><img loading=\"lazy\" decoding=\"async\" class=\"size-medium wp-image-1432\" src=\"http:\/\/www.golfissazione.com\/risorse\/wp-content\/uploads\/2016\/05\/brr-300x199.jpg\" alt=\"Stick of butter, cut, isolated on white.\" width=\"300\" height=\"199\" srcset=\"https:\/\/www.golfissazione.com\/risorse\/wp-content\/uploads\/2016\/05\/brr-300x199.jpg 300w, https:\/\/www.golfissazione.com\/risorse\/wp-content\/uploads\/2016\/05\/brr-768x509.jpg 768w, https:\/\/www.golfissazione.com\/risorse\/wp-content\/uploads\/2016\/05\/brr-1024x678.jpg 1024w, https:\/\/www.golfissazione.com\/risorse\/wp-content\/uploads\/2016\/05\/brr.jpg 1300w\" sizes=\"auto, (max-width: 300px) 100vw, 300px\" \/><\/a><\/p>\n<p>Cosa stai farneticando Alessandra? Ti starai chiedendo.<\/p>\n<p>Seguimi, \u00e8 interessante.<\/p>\n<p><strong>I nostri risultati nella vita li abbiamo creati\u00a0 noi stessi, con la nostra programmazione inconscia.<\/strong><\/p>\n<p>Tutti noi abbiamo delle MEMORIE (programmi), fatte pensieri ed emozioni di paura, di non merito, di colpa.<\/p>\n<p>Tutti abbiamo dentro di noi delle ferite che ci provocano paure e convinzioni limitanti (sono brutto, non ho istruzione, per guadagnarmi il pane devo lavorare tanto, la vita \u00e8 dura&#8230;). Siamo programmati dalla nascita e anche da prima. Abbiamo ereditato perfino le forme-pensiero dei nostri antenati! Abbiamo allenato cos\u00ec tanto questi limiti nella nostra testa che li abbiamo&#8230; materializzati.<\/p>\n<p>Ed ecco l&#8217;idea del<em> panetto di burro, un <strong>addensamento dei nostri pensieri limitanti<\/strong> che sta l\u00ec, indisturbato nel nostro inconscio, a preoccuparsi di<strong> far fallire ogni nostro desiderio<\/strong><\/em>. Lo fa per proteggerci da illusioni, da frustrazioni, ma quanto \u00e8 pesante, vischioso e denso!<\/p>\n<p>Ebbene per alcuni di noi questi panetti di burro sono tamente solidi e potenti, talmente ben allenati che <strong>vivono di vita propria<\/strong>, hanno un forte istinto di sopravvivenza, per cui la persona che ne \u00e8 posseduta parla spesso delle sue paure, dei suoi problemi, ci pensa spesso, si sveglia la mattina con l&#8217;idea del problema\/malessere\/dubbio\/paura&#8230; E il suo panetto di burro <strong>si NUTRE<\/strong> delle paure, solidificando sempre di pi\u00f9. Sopravvive e prospera grazie ai nostri pensieri, emozioni ed AZIONI.<\/p>\n<p style=\"text-align: center;\"><em><strong>Ecco perch\u00e9 tante persone non manifestano: il loro panetto \u00e8 talmente solido che la fa da padrone.<\/strong> <\/em><\/p>\n<p>E&#8217; lui che suggerisce che tanto il rituale &#8220;non funziona&#8221; che la realt\u00e0 \u00e8 dura, che tanto non farai mai soldi, non avrai mai quello che chiedi, i problemi li avrai sempre, che forse funziona per altri ma non per te, che questo corso non serve a niente.<\/p>\n<p>Se il panetto \u00e8 leggero la luna lo scioglie, semplicemente. Se \u00e8 duro ci vuole un p\u00f2 di pi\u00f9!<\/p>\n<p>Per sciogliere il panetto di burro con la lama calda della luce della luna ho scritto:<\/p>\n<div class=\"headline1-medium-arial-centered\" style=\"color:#CC0000\"><strong>Manifestare con la luna<\/strong><\/div>\n<p style=\"text-align: center;\"><strong>\u00a0<\/strong><\/p>\n<p style=\"text-align: center;\"><a href=\"http:\/\/www.golfissazione.com\/risorse\/wp-content\/uploads\/2016\/05\/binderlayingopen_550x6341.jpg\" rel=\"attachment wp-att-1424\"><img loading=\"lazy\" decoding=\"async\" class=\"aligncenter size-full wp-image-1424\" src=\"http:\/\/www.golfissazione.com\/risorse\/wp-content\/uploads\/2016\/05\/binderlayingopen_550x6341.jpg\" alt=\"binderlayingopen_550x634(1)\" width=\"550\" height=\"634\" srcset=\"https:\/\/www.golfissazione.com\/risorse\/wp-content\/uploads\/2016\/05\/binderlayingopen_550x6341.jpg 550w, https:\/\/www.golfissazione.com\/risorse\/wp-content\/uploads\/2016\/05\/binderlayingopen_550x6341-260x300.jpg 260w\" sizes=\"auto, (max-width: 550px) 100vw, 550px\" \/><\/a><\/p>\n<p style=\"text-align: left;\">Si tratta di <strong>un ebook e 3 audio<\/strong> con tutto quello che serve per realizzare ogni aspirazione che proviene dal cuore. S\u00ec, perch\u00e9 <strong>i desideri dell&#8217;ego<\/strong> &#8211; seppur legittimi anche quelli &#8211; <strong>li scoprirai da solo<\/strong> se segui questa pratica e dopo un p\u00f2 tempo ti accorgerai che non ti interessano pi\u00f9!<\/p>\n<div class=\"headline1-medium-arial-centered\" style=\"color:#CC0000\"><em><strong>Il contenuto dell&#8217;ebook:<\/strong><\/em><\/div>\n<ul>\n<li style=\"text-align: left;\">come formulare i desideri affinch\u00e9 siano CHIARI per il tuo inconscio e per l&#8217;Universo!<\/li>\n<li style=\"text-align: left;\">le fasi della luna e la sua energia, e come utilizzarla per il tuo bene!<\/li>\n<li style=\"text-align: left;\">come creare il tuo desiderio nel &#8220;campo delle possibilit\u00e0&#8221;<\/li>\n<li style=\"text-align: left;\">come &#8220;piantare&#8221; i desideri a luna nuova, utilizzando il quaderno della luna e&#8230; i fagioli<\/li>\n<li style=\"text-align: left;\">l&#8217;importanza di &#8220;caricare&#8221; l&#8217;acqua da bere con un&#8217;intenzione<\/li>\n<li style=\"text-align: left;\">come far crescere i desideri e acquisire sempre pi\u00f9 chiarezza sulle tue priorit\u00e0 al quarto di luna crescente<\/li>\n<li style=\"text-align: left;\">come energizzare pietre, acqua e desideri a vigilia di luna piena<\/li>\n<li style=\"text-align: left;\">come mandare via le negativit\u00e0, i blocchi inconsci (i panetti di burro!) e i malesseri fisici a luna piena<\/li>\n<li>come ripulirsi fisicamente e psichicamente a luna calante<\/li>\n<\/ul>\n<p style=\"text-align: left;\"><div class=\"dividerbar-wide\"><\/div><\/p>\n<p style=\"text-align: left;\"><strong><div class=\"headline1-medium-arial-centered\" style=\"color:#CC0000\"><em><strong>Il contenuto degli audio:<\/strong><\/em><\/div><a href=\"http:\/\/www.golfissazione.com\/risorse\/wp-content\/uploads\/2016\/05\/dsc.jpg\" rel=\"attachment wp-att-1436\"><img loading=\"lazy\" decoding=\"async\" class=\"alignright size-full wp-image-1436\" src=\"http:\/\/www.golfissazione.com\/risorse\/wp-content\/uploads\/2016\/05\/dsc.jpg\" alt=\"dsc\" width=\"259\" height=\"194\" \/><\/a><\/strong><\/p>\n<ul>\n<li style=\"text-align: left;\"><strong>un audio generale di riassunto del corso<\/strong>, con tutto ci\u00f2 che ti serve per manifestare alle varie fasi lunari.<\/li>\n<li style=\"text-align: left;\"><strong>meditazione di luna nuova<\/strong>, con l&#8217;Arcangelo Haniel che riversa su di te le sue qualit\u00e0, permettendoti di ricevere in seguito ci\u00f2 che chiedi alla luna. In questa meditazione leggerai uno per uno i tuoi desideri e io ti guido ad immaginarli gi\u00e0 realizzati, provocando in te un&#8217;emozione che attrae come una calamita le opportunit\u00e0 di realizzare ci\u00f2 di cui ti emozioni! (legge di attrazione)<\/li>\n<li style=\"text-align: left;\"><strong>meditazione di luna piena<\/strong> per sciogliere i &#8220;panetti di burro&#8221;, guarire da malesseri\u00a0 e dissolvere le negativit\u00e0<\/li>\n<\/ul>\n<p><strong><div class=\"headline1-medium-arial-centered\" style=\"color:#CC0000\">In pi\u00f9 per te 2 fantastici bonus<\/div><\/strong><\/p>\n<p><a href=\"http:\/\/www.golfissazione.com\/risorse\/wp-content\/uploads\/2016\/06\/index.jpg\" rel=\"attachment wp-att-1527\"><img loading=\"lazy\" decoding=\"async\" class=\"alignleft wp-image-1527\" src=\"http:\/\/www.golfissazione.com\/risorse\/wp-content\/uploads\/2016\/06\/index-150x150.jpg\" alt=\"index\" width=\"131\" height=\"131\" srcset=\"https:\/\/www.golfissazione.com\/risorse\/wp-content\/uploads\/2016\/06\/index-150x150.jpg 150w, https:\/\/www.golfissazione.com\/risorse\/wp-content\/uploads\/2016\/06\/index-300x300.jpg 300w, https:\/\/www.golfissazione.com\/risorse\/wp-content\/uploads\/2016\/06\/index.jpg 500w\" sizes=\"auto, (max-width: 131px) 100vw, 131px\" \/><\/a><\/p>\n<p>I mandala lunari di Cristina Poli<span style=\"font-family: georgia,serif;\">Attraverso i Mandala Lunari scoprirai come \u00e8 facile comprendere quali sono i tuoi reali desideri<\/span><span style=\"font-family: georgia,serif;\">e chiedere alla luna l&#8217;aiuto per realizzarli. Nell&#8217;ebook troverai\u00a0<strong>un Mandala da colorare per ogni fase lunare<\/strong> che ti aiuter\u00e0 a ottenere il massimo dei risultati grazie al fatto che sarai privo di inutili pensieri mentre lo colori.<\/span><span style=\"font-family: georgia,serif;\">Cristina \u00e8 un&#8217;esperta conoscitrice dei Mandala: li disegna, li colora e li interpreta da oltre 20 anni.<\/span><\/p>\n<p>=======================<\/p>\n<div><\/div>\n<div>\u00a0<a href=\"http:\/\/www.golfissazione.com\/risorse\/wp-content\/uploads\/2016\/12\/fotografare-luna6.jpeg\" rel=\"attachment wp-att-1932\"><img loading=\"lazy\" decoding=\"async\" class=\"alignleft wp-image-1932\" src=\"http:\/\/www.golfissazione.com\/risorse\/wp-content\/uploads\/2016\/12\/fotografare-luna6-150x150.jpeg\" alt=\"fotografare-luna6\" width=\"122\" height=\"122\" \/><\/a><strong>Le figlie della Luna di Sandra Saporito<\/strong><\/div>\n<div><span style=\"font-family: georgia,serif;\">Una breve storia di guarigione sciamanica che ha la capacit\u00e0 di aiutarti a riscoprire il <strong>legame ancestrale con la Luna,<\/strong> un legame potente quasi dimenticato che potrai facilmente ritrovare semplicemente leggendo e rileggendo la storia.<\/span><\/div>\n<div><span style=\"font-family: georgia,serif;\">Sandra Heyokha Saporito \u00e8 una sciamana che tramanda conoscenza e guarigione tramite le storie mitosofiche <\/span><span style=\"color: #000000; font-family: georgia,serif;\">capaci di sbloccare i tuoi nodi energetici.<\/span><\/div>\n<div><\/div>\n<div>==========================<\/div>\n<div><\/div>\n<div><\/div>\n<div><\/div>\n<div><strong><div class=\"headline1-medium-arial-centered\" style=\"color:#CC0000\">In pi\u00f9 avrai anche il SUPER bonus<\/div><\/strong><\/div>\n<p>L&#8217;accesso gratuito\u00a0 al gruppo riservato su facebook &#8220;Manifestare con la luna&#8221;.<a href=\"http:\/\/www.golfissazione.com\/risorse\/wp-content\/uploads\/2016\/06\/fb.jpg\" rel=\"attachment wp-att-1559\"><img loading=\"lazy\" decoding=\"async\" class=\"alignleft size-full wp-image-1559\" src=\"http:\/\/www.golfissazione.com\/risorse\/wp-content\/uploads\/2016\/06\/fb.jpg\" alt=\"fb\" width=\"98\" height=\"98\" \/><\/a> Qui puoi condividere risultati, testimonianze, chiedere consiglio, rispondere alle persone, pubblicare foto ed essere informato sull&#8217;orario dei rituali. Non sarai pi\u00f9 solo! Ci saranno tutti quelli che hanno acquistato il corso. Ti accorgerai che siete TANTI a voler manifestare una vita piena di senso! I successi che le persone raggiungono ti fanno credere che sia POSSIBILE anche per te.<\/p>\n<p style=\"text-align: left;\"><div class=\"dividerbar-wide\"><\/div><\/p>\n<p style=\"text-align: left;\">Ma perch\u00e9 la Luna aiuta a realizzare i desideri? La luna ha una forte influenza sulla Terra, sui cicli della semina e del raccolto, sulle maree e sull&#8217;uomo, amplificando o togliendo energia a TUTTO, compresi i tuoi pensieri, desideri ed emozioni.<\/p>\n<p style=\"text-align: left;\">La Luna nuova rappresenta la SEMINA dei desideri, che vengono poi accresciuti dalla luce della luna crescente. Il fatto poi di esporre i desideri alla luce della vigilia di luna piena \u00e8 una metafora del DISTACCO, perch\u00e9\u00a0 la luna assorbe nella sua luce i tuoi desideri staccandoli da te, per darti in seguito le opportunit\u00e0 di realizzarli.<\/p>\n<p style=\"text-align: center;\"><strong><em>E soprattutto i rituali stimolano il tuo subconscio.<a href=\"http:\/\/www.golfissazione.com\/risorse\/wp-content\/uploads\/2016\/05\/can.jpg\" rel=\"attachment wp-att-1434\"><img loading=\"lazy\" decoding=\"async\" class=\"alignright size-full wp-image-1434\" src=\"http:\/\/www.golfissazione.com\/risorse\/wp-content\/uploads\/2016\/05\/can.jpg\" alt=\"can\" width=\"259\" height=\"194\" \/><\/a><\/em><\/strong><\/p>\n<p>L&#8217;atto\u00a0 di osservare la bellezza di una notte di luna piena, l&#8217;utilizzo della candela bianca, l&#8217;ascolto della meditazione di luna nuova e luna piena influenzano il tuo subconscio, predisponendolo a <strong>&#8220;permettere&#8221;<\/strong> la realizzazione dei tuoi desideri.<\/p>\n<p>Proprio cos\u00ec! <strong>I blocchi per manifestare si sciolgono<\/strong> alla luce della luna,\u00a0 come fossero un panetto di burro attraversato da una lama caldissima.<\/p>\n<p>L&#8217;inconscio si convince di pi\u00f9 con un&#8217;immagine e un rituale piuttosto che con un milione di parole!<\/p>\n<p>Ovviamente tutto ci\u00f2 non basta, ci vuole l&#8217;azione mirata, ma la carica che ti d\u00e0 il rituale ti <strong>accelera le opportunit\u00e0 per AGIRE.<\/strong> La luna, con l&#8217;energia giusta, accelera la manifestazione di quello che la tua INTENZIONE chiede.<\/p>\n<p>So che conosci il rituale, ne parlo da pi\u00f9 di due anni. Ma <strong>se ancora i tuoi desideri sono rimasti a livello di de-sideri (non contemplati nella tua vita ossia non realizzati) con questo corso le possibilit\u00e0 di RICEVERE ci\u00f2 che chiedi aumentano,<\/strong> ma soprattutto fai un notevole<strong> salto di coscienza <\/strong>perch\u00e9 ti senti MERITEVOLE di ricevere!<\/p>\n<div class=\"dividerbar-wide\"><\/div>\n<div id=\"testimonialbox1\"><div id=\"testimonialbox1text\">&#8220;il 29\/10 mi stavo preparando al rito con la mia richiesta,cioe\u2019 quella di un nuovo lavoro, ho fatto il tutto e lunedi 7\/11 (e per me il 7 ha un grande significato!) ho ricevuto la chiamata tanto attesa del colloquio!! fatto martedi 08\/11, firmato il contratto giovedi 10\/11\u2026..Sono esterefatta!<br \/>\nQuindi mi trovo a ringraziarti, e non trovo le parole abbastanza adatte per farlo, per avermi aiutata a cambiare la mia vita e ad evere portato cosi grande felicita\u2019 nella mia famiglia!<br \/>\nGrazie Alessandra, grazie di cuore! Ora si prosegue con I tuoi riti e con la continua crescita!\u201d<\/div><div id=\"testimonialbox1name\">Sabina lettrice del mio sito - commento pubblicato sul sito<\/div><\/div>\n<div id=\"testimonialbox1\"><div id=\"testimonialbox1text\">&#8220;la tua storia con la meravigliosa Luna e l&#8217;arcangelo Haniel mi ha affascinato e pi\u00f9 che altro mi ha &#8230;salvato. Sono rumena, ho 39 ani e ho vissuto gli ultimi 10 ani in Italia. L&#8217;anno scorso ho preso la decisione di venire a vivere in Inghilterra, mio marito e i miei figli non erano d&#8217;accordo, lo hanno fatto per me. La mia gioia di abitare in questo paese non \u00e8 stata sempre sufficiente per tirarli su di morale. Da quando ti seguo tante volte mi sono rivolta alla Luna per trovare fiducia, forza, armonia e farmi una vita felice qui con la mia famiglia. Tutti mi dicevano che stare qui era difficile, specie all&#8217;inizio, peggio che in Italia. Per\u00f2 io, con il tuo aiuto e quello della Luna sono riuscita ad avere la nostra casa, un lavoro fisso dove mi diverto e sto bene con i colleghi e poi i miei figli sono bravi a scuola! E c&#8217;\u00e8 molto di pi\u00f9: mo marito ha sconfitto il diabete (non mi dire che \u00e8 impossibile, perch\u00e9 questa parola non \u00e8 nel mio vocabolario) e ha superato il suo caratteraccio. Lo so che sorridi adesso; la lista \u00e8 ancor piu lunga, ma ti basti gi\u00e0 un grande GRAZIE per tutto questo. Dal profondo del mio cuore.\u201d<\/div><div id=\"testimonialbox1name\">Marinela lettrice del mio sito - commento pubblicato sul sito<\/div><\/div>\n<div id=\"testimonialbox1\"><div id=\"testimonialbox1text\">&#8220;Ho avuto un risultato importante dall&#8217; energia positiva della luna. Il mio desiderio era di rivincere i campionati italiani di tiro con arco e quest&#8217;anno ho riconfermato il mio titolo di Campionessa. Grande, grandissimo beneficio, grazie mille di aver creato il corso Manifestare con la Luna!\u201d<\/div><div id=\"testimonialbox1name\">Loana, lettrice del mio sito - commento pubblicato sul sito<\/div><\/div>\n<div id=\"testimonialbox1\"><div id=\"testimonialbox1text\">\u201cGrazie Alessandra, mi sono immediatamente innamorata del rituale, ho cominciato a farlo a dicembre dello scorso anno e voglio dirti che cambiamenti ce ne sono stati tantissimi da allora! Prima di tutto in me. Sono pi\u00f9 serena, rilassata, fiduciosa del futuro e soprattutto riconoscente per le immense cose che gi\u00e0 ho e di cui prima non mi accorgevo, notando solo ci\u00f2 che non avevo.\u00a0 Si \u00e8 pure aggiustata una posizione lavorativa che mi dava preoccupazione, sono immensamente grata ad Haniel e alla luna. Ogni mese non vedo l&#8217;ora di ripetere il rituale, grazie di ricordarmelo!\u201d<\/div><div id=\"testimonialbox1name\">Daniela, lettrice del mio sito - commento pubblicato sul sito<\/div><\/div>\n<div id=\"testimonialbox1\"><div id=\"testimonialbox1text\">&#8220;grazie \u00e8 tutto fantastico&#8230;da inizio 2016 ti seguo e sono successe cose sorprendenti nella mia vita&#8230;La luna \u00e8 la mia grande sorella che veglia su di me e mi sostiene! ti voglio bene\u201d<\/div><div id=\"testimonialbox1name\">Rosi, ha acquistato Manifestare con la luna a luglio 2016<\/div><\/div>\n<div class=\"dividerbar-wide\"><\/div>\n<div class=\"headline1-medium-arial-centered\" style=\"color:#CC0000\">Chi sono<em>?<\/em><\/div>\n<p><a href=\"http:\/\/www.golfissazione.com\/risorse\/wp-content\/uploads\/2013\/10\/7_esterno.jpg\" rel=\"attachment wp-att-823\"><img loading=\"lazy\" decoding=\"async\" class=\"alignleft size-thumbnail wp-image-823\" src=\"http:\/\/www.golfissazione.com\/risorse\/wp-content\/uploads\/2013\/10\/7_esterno-150x150.jpg\" alt=\"7_esterno\" width=\"150\" height=\"150\" \/><\/a>Mi chiamo Alessandra Donati, autrice del sito www.Paradisointerra.com. Sono scrittrice, coach, angel card reader e theta healer. Amo migliorare me stessa ogni giorno di pi\u00f9 e desidero lo stesso per tutte le persone che incontro. Introduco la &#8220;magia&#8221; nei miei scritti e nei coaching per accelerare i risultati. la luna \u00e8 qualcosa di pi\u00f9 di una magia. Ha una sapienza di miliardi di anni e influisce sull&#8217;uomo molto di pi\u00f9 di quanto immaginiamo.<\/p>\n<p>&nbsp;<\/p>\n<div class=\"headline1-medium-arial-centered\" style=\"color:#CC0000\"><em>Il costo di questo corso?<\/em><\/div>\n<p><strong>\u00a0<div class=\"headline1-small-arial-centered\" style=\"color:#CC0000\">29 euro<\/div><\/strong><\/p>\n<p>Affrettati e sperimenta SUBITO, a seconda della fase della luna, la tua manifestazione!<\/p>\n<p>&nbsp;<\/p>\n<p style=\"text-align: center;\">Clicca qui per acquistare con paypal <strong>a<\/strong><del><strong>\u00a047 euro <\/strong><\/del><\/p>\n<p style=\"text-align: center;\"><strong>29 euro<\/strong><del><strong><br \/>\n<\/strong><\/del><\/p>\n<form action=\"https:\/\/www.paypal.com\/cgi-bin\/webscr\" method=\"post\" target=\"paypal\"><input name=\"cmd\" type=\"hidden\" value=\"_s-xclick\" \/><br \/>\n<input name=\"hosted_button_id\" type=\"hidden\" value=\"7SUF98R2XNYPU\" \/><br \/>\n<input alt=\"PayPal \u00e8 il metodo rapido e sicuro per pagare e farsi pagare online.\" name=\"submit\" src=\"https:\/\/www.paypalobjects.com\/it_IT\/IT\/i\/btn\/btn_cart_LG.gif\" type=\"image\" \/><br \/>\n<img loading=\"lazy\" decoding=\"async\" src=\"https:\/\/www.paypalobjects.com\/it_IT\/i\/scr\/pixel.gif\" alt=\"\" width=\"1\" height=\"1\" border=\"0\" \/><\/form>\n<p>Se vuoi acquistare con<strong> postepay o bonifico bancario<\/strong> scrivimi a paradinterra@gmail.com oppure chiamami al 347 3625382<\/p>\n<p>Concludo con una preghiera di gratitudine alla luna, che trovi all&#8217;interno del corso:<\/p>\n<p><em>Grazie Luna perch\u00e9 mi dai ci\u00f2 di cui ho realmente bisogno per la mia evoluzione. Grazie per la pace che sto per provare, e per la perfezione del cammino che porta a quella pace. Grazie per la tua presenza dentro di me, la tua guida divina e il tuo amore. Grazie perch\u00e9 sento crescere in me la fiducia di realizzare il mio potenziale per il massimo bene. Grazie perch\u00e9 l\u2019amore di cui ho bisogno \u00e8 in me ora.<\/em><\/p>\n<p>Che la luna ti ricolmi di doni e di benedizioni.<\/p>\n<p><a href=\"http:\/\/www.golfissazione.com\/risorse\/wp-content\/uploads\/2016\/05\/luli.jpg\" rel=\"attachment wp-att-1463\"><img loading=\"lazy\" decoding=\"async\" class=\"aligncenter size-full wp-image-1463\" src=\"http:\/\/www.golfissazione.com\/risorse\/wp-content\/uploads\/2016\/05\/luli.jpg\" alt=\"luli\" width=\"399\" height=\"298\" srcset=\"https:\/\/www.golfissazione.com\/risorse\/wp-content\/uploads\/2016\/05\/luli.jpg 399w, https:\/\/www.golfissazione.com\/risorse\/wp-content\/uploads\/2016\/05\/luli-300x224.jpg 300w\" sizes=\"auto, (max-width: 399px) 100vw, 399px\" \/><\/a><\/p>\n<p>&nbsp;<\/p>\n<p>&nbsp;<\/p>\n<p>&nbsp;<\/p>\n<p>&nbsp;<\/p>\n<p>&nbsp;<\/p>\n","protected":false},"excerpt":{"rendered":"<p>Circa 3 anni fa ho scoperto che la Luna aiuta a realizzare i desideri grazie a semplici rituali fatti nella fase lunare giusta.\u00a0 Che entusiasmo ha scatenato in me!\u00a0 Cos\u00ec, quando ho esposto alla luce della luna piena acqua da bere, oggetti e lista dei desideri mi sono sentita euforica e felice. E funzionava! Non [&hellip;]<\/p>\n","protected":false},"author":1,"featured_media":0,"parent":0,"menu_order":0,"comment_status":"closed","ping_status":"closed","template":"","meta":{"footnotes":""},"class_list":["post-1418","page","type-page","status-publish","hentry"],"_links":{"self":[{"href":"https:\/\/www.golfissazione.com\/risorse\/wp-json\/wp\/v2\/pages\/1418","targetHints":{"allow":["GET"]}}],"collection":[{"href":"https:\/\/www.golfissazione.com\/risorse\/wp-json\/wp\/v2\/pages"}],"about":[{"href":"https:\/\/www.golfissazione.com\/risorse\/wp-json\/wp\/v2\/types\/page"}],"author":[{"embeddable":true,"href":"https:\/\/www.golfissazione.com\/risorse\/wp-json\/wp\/v2\/users\/1"}],"replies":[{"embeddable":true,"href":"https:\/\/www.golfissazione.com\/risorse\/wp-json\/wp\/v2\/comments?post=1418"}],"version-history":[{"count":64,"href":"https:\/\/www.golfissazione.com\/risorse\/wp-json\/wp\/v2\/pages\/1418\/revisions"}],"predecessor-version":[{"id":2013,"href":"https:\/\/www.golfissazione.com\/risorse\/wp-json\/wp\/v2\/pages\/1418\/revisions\/2013"}],"wp:attachment":[{"href":"https:\/\/www.golfissazione.com\/risorse\/wp-json\/wp\/v2\/media?parent=1418"}],"curies":[{"name":"wp","href":"https:\/\/api.w.org\/{rel}","templated":true}]}}