{"id":1348,"date":"2016-02-10T10:38:59","date_gmt":"2016-02-10T10:38:59","guid":{"rendered":"http:\/\/www.golfissazione.com\/risorse\/?page_id=1348"},"modified":"2017-08-30T17:32:16","modified_gmt":"2017-08-30T17:32:16","slug":"lettura-carte-angeli","status":"publish","type":"page","link":"https:\/\/www.golfissazione.com\/risorse\/lettura-carte-angeli\/","title":{"rendered":"Lettura carte Angeli"},"content":{"rendered":"<p><a href=\"http:\/\/www.golfissazione.com\/risorse\/wp-content\/uploads\/2016\/02\/cart-e1455117237720.jpg\" rel=\"attachment wp-att-1355\"><img loading=\"lazy\" decoding=\"async\" class=\"alignleft size-medium wp-image-1355\" src=\"http:\/\/www.golfissazione.com\/risorse\/wp-content\/uploads\/2016\/02\/cart-e1455117237720-300x224.jpg\" alt=\"cart\" width=\"300\" height=\"224\" srcset=\"https:\/\/www.golfissazione.com\/risorse\/wp-content\/uploads\/2016\/02\/cart-e1455117237720-300x224.jpg 300w, https:\/\/www.golfissazione.com\/risorse\/wp-content\/uploads\/2016\/02\/cart-e1455117237720-768x573.jpg 768w, https:\/\/www.golfissazione.com\/risorse\/wp-content\/uploads\/2016\/02\/cart-e1455117237720.jpg 960w\" sizes=\"auto, (max-width: 300px) 100vw, 300px\" \/><\/a>Le carte degli Angeli sono un potente strumento per i tuoi momenti di incertezza e difficolt\u00e0. Ho seguito il corso per apprendere la tecnica di lettura tre anni fa da Doreen Virtue, una delle autrici pi\u00f9 esperte di Angeli.<\/p>\n<p>Tornata dal corso avevo riposto le carte in un cassetto dimenticandomene completamente.<\/p>\n<p>Quando dopo mesi ho riordinato il cassetto ero in un momento particolare in cui avevo bisogno di scegliere se continuare un lavoro o lasciarlo. Come per gioco ho preso il mazzo in mano, l&#8217;ho purificato ed ho posto la domanda: Cosa ha in serbo per me l&#8217;Universo dal punto di vista del lavoro? Mi \u00e8 uscita la carta dell&#8217;Arcangelo Haniel, proprio quello della luna piena che gi\u00e0 adoravo. La carta mi diceva di lavorare con le mie doti spirituali e dunque col Theta Healing e la Terapia Angelica! In quel momento organizzavo golf clinic, ma intuitivamente sentivo che non era il lavoro per me. Quella carta mi ha fatto decidere di aprire il sito Paradisointerra!<a href=\"http:\/\/www.golfissazione.com\/risorse\/wp-content\/uploads\/2016\/02\/caar.jpg\" rel=\"attachment wp-att-1359\"><img loading=\"lazy\" decoding=\"async\" class=\"alignright size-medium wp-image-1359\" src=\"http:\/\/www.golfissazione.com\/risorse\/wp-content\/uploads\/2016\/02\/caar-224x300.jpg\" alt=\"caar\" width=\"224\" height=\"300\" srcset=\"https:\/\/www.golfissazione.com\/risorse\/wp-content\/uploads\/2016\/02\/caar-224x300.jpg 224w, https:\/\/www.golfissazione.com\/risorse\/wp-content\/uploads\/2016\/02\/caar.jpg 716w\" sizes=\"auto, (max-width: 224px) 100vw, 224px\" \/><\/a><\/p>\n<p>Da allora uso le carte divertendomi, i miei figli mi chiedono spesso di leggerle per loro.<\/p>\n<p>E siccome sono certa che l&#8217;intuizione e la chiaroveggenza sono doti che si possono imparare e allenare, ho deciso di tenere il corso di<\/p>\n<div class=\"headline1-small-tahoma-centered\" style=\"color:#000000\">Lettura delle carte degli Angeli<\/div>\n<p>Questo corso di mezza giornata \u00e8 illuminante e divertente, ti illustro la simbologia delle carte e come interpretarle.\u00a0 Molti pensano che le capacit\u00e0 divinatorie appartengano a poche persone dotate, ma non \u00e8 cos\u00ec. Doreen Virtue insegna il sistema a migliaia di persone e le certifica per la lettura, ci\u00f2 significa che<strong> TUTTI, ma proprio TUTTI (s\u00ec, anche TU!)<\/strong> con l&#8217;allenamento possono usare questo straordinario strumento.<\/p>\n<p>Cosa imparerai al Corso?<\/p>\n<ul>\n<li>Come connetterti con l&#8217;Energia Angelica<\/li>\n<li>Come prepararti e come preparare le carte per una lettura accurata;<\/li>\n<li>Come leggere le carte per te, quando ne hai bisogno!<\/li>\n<li>Come rispondere alle richieste delle persone che si rivolgono a te;<\/li>\n<li>L&#8217;interpretazione del vero significato delle carte;<\/li>\n<li>Come aumentare la fiducia nelle tue abilit\u00e0 di lettore<\/li>\n<li>Il significato profondo della disposizione delle carte secondo la Croce Celtica;<\/li>\n<li>Le letture sullo scopo della vita, sulle relazioni d\u2019amore e sulla salute<\/li>\n<li>Come formulare le domande giuste per vivere pi\u00f9 felicemente il tuo quotidian<\/li>\n<\/ul>\n<ul>\n<li>\u00a0\u00a0<em><strong> <a href=\"http:\/\/www.golfissazione.com\/risorse\/wp-content\/uploads\/2012\/03\/7_esterno.jpg\" rel=\"attachment wp-att-111\"><img loading=\"lazy\" decoding=\"async\" class=\"alignleft wp-image-111\" src=\"http:\/\/www.golfissazione.com\/risorse\/wp-content\/uploads\/2012\/03\/7_esterno-261x300.jpg\" alt=\"7_esterno\" width=\"128\" height=\"147\" srcset=\"https:\/\/www.golfissazione.com\/risorse\/wp-content\/uploads\/2012\/03\/7_esterno-261x300.jpg 261w, https:\/\/www.golfissazione.com\/risorse\/wp-content\/uploads\/2012\/03\/7_esterno.jpg 457w\" sizes=\"auto, (max-width: 128px) 100vw, 128px\" \/><\/a>Insegnante<\/strong> \u00a0<\/em>\u00a0\u00a0\u00a0 Mi chiamo Alessandra Donati, autrice del sito www.paradisointerra.com e del libro <a href=\"http:\/\/amzn.to\/2rsSItS\"><strong>Manifestare con la luna.<\/strong><\/a>\u00a0 Sono coach, theta healer e Angel Card Reader, certificata da Doreen Virtue. \u00a0\u00a0\u00a0\u00a0\u00a0\u00a0\u00a0 <div class=\"headline1-small-tahoma-centered\" style=\"color:#000000\">Quanto costa?<\/div><strong>50 euro<\/strong> che comprende corso + cena a buffet. Va aggiunto anche il costo delle carte, che sono necessarie!\u00a0 Puoi comprarle in libreria (non sempre le trovi e il loro costo \u00e8 28,50) oppure dal Giardino dei libri, dove sono in sconto a 24,50 euro, clicca <a href=\"http:\/\/www.ilgiardinodeilibri.it\/libri\/__i-tarocchi-degli-angeli-virtue.php?pn=4830\"><strong>QUI<\/strong><\/a> . <div class=\"headline1-small-tahoma-centered\" style=\"color:#000000\">quando e dove?<\/div><strong>Sabato 16 settembre dalle ore 17 alle ore 22 &#8211;<\/strong> Location: <strong>Ristorante Montello, via Montello 8 &#8211; Varese<\/strong> <div class=\"headline1-small-tahoma-centered\" style=\"color:#CC0000\"><\/li>\n<li>Registrazioni dalle ore 16,30 alle 17, arriva puntuale!<br \/>\n<div class=\"headline1-small-tahoma-centered\" style=\"color:#CC0000\"><\/div>Vuoi prenotare il tuo posto?<\/div><\/p>\n<ul>\n<li>\n<form action=\"https:\/\/www.paypal.com\/cgi-bin\/webscr\" method=\"post\" target=\"_top\">Scrivimi a Paradinterra@gmail.com\u00a0 oppure mandami un messaggio o chiamami al 347 3625382 (Alessandra) &#8211; Puoi chiamare anche\u00a0 Michela Bollini (3474160779)<\/p>\n<\/form>\n<p>Domande frequenti.<\/li>\n<li><strong>Bisogna essere esperti di Angeli per fare letture?<\/strong> No assolutamente. Gli Angeli ti assistono appena li chiami, la conoscenza intellettuale non conta.<\/li>\n<li><strong>E se ricevo messaggi che mi mettono paura?<\/strong> Non \u00e8 possibile! Si tratta di carte degli Angeli che non hanno messaggi completamente negativi, tranne alcune carte che segnalano periodi di ristagno o squilibrio e comunque basta cambiare il presente per influenzare un futuro diverso!<\/li>\n<li><strong>E se &#8220;vedo&#8221; un futuro negativo per me?<\/strong> Anche qui \u00e8 impossibile. Come vedrai al corso, ci sono tanti possibili futuri per ognuno di noi. E&#8217; il presente che crea il futuro, noi siamo esseri in continua evoluzione e come il film &#8220;Sliding door&#8221; possiamo scegliere fra tante possibili porte chiuse quale porta aprire.<\/li>\n<li><strong>Devo mettere anche la mia immaginazione per fare una lettura?<\/strong> S\u00ec! L&#8217;immaginazione \u00e8 una parte di te, fa parte del tuo essere, del tuo modo di pensare ed \u00e8 REALE quanto \u00e8 reale il pensiero, attinge all&#8217;inconscio e alla memoria collettiva.<\/li>\n<li><strong>L&#8217;ego pu\u00f2 interferire in una lettura?<\/strong> Purtroppo s\u00ec. Pregheremo, mediteremo e ci ripuliremo per indurlo a tacere e lasciare che il nostro intuito ci guidi. la buona notizia \u00e8 che possiamo renderci conto quando l&#8217;ego interviene.<\/li>\n<li><strong>Con sole 4 ore di corso sono in grado di fare letture?<\/strong> S\u00ec! le cose fondamentali da sapere sono POCHE, nel mazzo di carte c&#8217;\u00e8 un&#8217;utile guida che ti aiuta a eseguire letture anche a casa. E&#8217; tutta questione di pratica!<\/li>\n<\/ul>\n<p>Luce e amore,<\/p>\n<p>Luce e amore,<\/p>\n<form action=\"https:\/\/www.paypal.com\/cgi-bin\/webscr\" method=\"post\" target=\"_top\"><img loading=\"lazy\" decoding=\"async\" src=\"https:\/\/www.paypalobjects.com\/it_IT\/i\/scr\/pixel.gif\" alt=\"\" width=\"1\" height=\"1\" border=\"0\" \/><a href=\"http:\/\/www.golfissazione.com\/risorse\/wp-content\/uploads\/2016\/02\/cu.jpg\" rel=\"attachment wp-att-1376\"><img loading=\"lazy\" decoding=\"async\" class=\"aligncenter wp-image-1376\" src=\"http:\/\/www.golfissazione.com\/risorse\/wp-content\/uploads\/2016\/02\/cu.jpg\" alt=\"cu\" width=\"76\" height=\"75\" srcset=\"https:\/\/www.golfissazione.com\/risorse\/wp-content\/uploads\/2016\/02\/cu.jpg 226w, https:\/\/www.golfissazione.com\/risorse\/wp-content\/uploads\/2016\/02\/cu-150x150.jpg 150w\" sizes=\"auto, (max-width: 76px) 100vw, 76px\" \/><\/a><\/p>\n<\/form>\n<form action=\"https:\/\/www.paypal.com\/cgi-bin\/webscr\" method=\"post\" target=\"_top\">Scrivimi a Paradinterra@gmail.com\u00a0 oppure mandami un messaggio al 347 3625382 (Alessandra)<\/p>\n<p>Puoi chiamare anche\u00a0 Michela Bollini (3474160779)<\/p>\n<\/form>\n<p>Domande frequenti.<\/li>\n<\/ul>\n<p>Alessandra<\/p>\n","protected":false},"excerpt":{"rendered":"<p>Le carte degli Angeli sono un potente strumento per i tuoi momenti di incertezza e difficolt\u00e0. Ho seguito il corso per apprendere la tecnica di lettura tre anni fa da Doreen Virtue, una delle autrici pi\u00f9 esperte di Angeli. Tornata dal corso avevo riposto le carte in un cassetto dimenticandomene completamente. Quando dopo mesi ho [&hellip;]<\/p>\n","protected":false},"author":1,"featured_media":0,"parent":0,"menu_order":0,"comment_status":"closed","ping_status":"closed","template":"","meta":{"footnotes":""},"class_list":["post-1348","page","type-page","status-publish","hentry"],"_links":{"self":[{"href":"https:\/\/www.golfissazione.com\/risorse\/wp-json\/wp\/v2\/pages\/1348","targetHints":{"allow":["GET"]}}],"collection":[{"href":"https:\/\/www.golfissazione.com\/risorse\/wp-json\/wp\/v2\/pages"}],"about":[{"href":"https:\/\/www.golfissazione.com\/risorse\/wp-json\/wp\/v2\/types\/page"}],"author":[{"embeddable":true,"href":"https:\/\/www.golfissazione.com\/risorse\/wp-json\/wp\/v2\/users\/1"}],"replies":[{"embeddable":true,"href":"https:\/\/www.golfissazione.com\/risorse\/wp-json\/wp\/v2\/comments?post=1348"}],"version-history":[{"count":6,"href":"https:\/\/www.golfissazione.com\/risorse\/wp-json\/wp\/v2\/pages\/1348\/revisions"}],"predecessor-version":[{"id":2075,"href":"https:\/\/www.golfissazione.com\/risorse\/wp-json\/wp\/v2\/pages\/1348\/revisions\/2075"}],"wp:attachment":[{"href":"https:\/\/www.golfissazione.com\/risorse\/wp-json\/wp\/v2\/media?parent=1348"}],"curies":[{"name":"wp","href":"https:\/\/api.w.org\/{rel}","templated":true}]}}